{"id":288,"date":"2025-01-22T14:16:16","date_gmt":"2025-01-22T13:16:16","guid":{"rendered":"https:\/\/obaprojecten.nl\/startseite\/"},"modified":"2025-01-23T02:41:00","modified_gmt":"2025-01-23T01:41:00","slug":"startseite","status":"publish","type":"page","link":"https:\/\/obaprojecten.nl\/de\/","title":{"rendered":"Startseite"},"content":{"rendered":"\t\t<div data-elementor-type=\"wp-page\" data-elementor-id=\"288\" class=\"elementor elementor-288 elementor-7\" data-elementor-post-type=\"page\">\n\t\t\t\t<div class=\"elementor-element elementor-element-023abd9 e-flex e-con-boxed e-con e-parent\" data-id=\"023abd9\" data-element_type=\"container\" data-e-type=\"container\" data-settings=\"{&quot;background_background&quot;:&quot;classic&quot;}\">\n\t\t\t\t\t<div class=\"e-con-inner\">\n\t\t<div class=\"elementor-element elementor-element-2565836 e-flex e-con-boxed e-con e-child\" data-id=\"2565836\" data-element_type=\"container\" data-e-type=\"container\">\n\t\t\t\t\t<div class=\"e-con-inner\">\n\t\t<div class=\"elementor-element elementor-element-f43c43b e-con-full e-flex e-con e-child\" data-id=\"f43c43b\" data-element_type=\"container\" data-e-type=\"container\" data-settings=\"{&quot;background_background&quot;:&quot;classic&quot;}\">\n\t\t\t\t<div class=\"elementor-element elementor-element-068f6fa elementor-widget elementor-widget-heading\" data-id=\"068f6fa\" data-element_type=\"widget\" data-e-type=\"widget\" data-widget_type=\"heading.default\">\n\t\t\t\t<div class=\"elementor-widget-container\">\n\t\t\t\t\t<h2 class=\"elementor-heading-title elementor-size-default\"><br>Willkommen bei OBA Niederlande und Deutschland<\/h2>\t\t\t\t<\/div>\n\t\t\t\t<\/div>\n\t\t\t\t<div class=\"elementor-element elementor-element-9b65dda elementor-widget elementor-widget-heading\" data-id=\"9b65dda\" data-element_type=\"widget\" data-e-type=\"widget\" data-widget_type=\"heading.default\">\n\t\t\t\t<div class=\"elementor-widget-container\">\n\t\t\t\t\t<h2 class=\"elementor-heading-title elementor-size-default\">Technologie f\u00fcr die Zukunft<\/h2>\t\t\t\t<\/div>\n\t\t\t\t<\/div>\n\t\t\t\t<\/div>\n\t\t\t\t\t<\/div>\n\t\t\t\t<\/div>\n\t\t<div class=\"elementor-element elementor-element-404b6ec elementor-hidden-mobile e-flex e-con-boxed e-con e-child\" data-id=\"404b6ec\" data-element_type=\"container\" data-e-type=\"container\">\n\t\t\t\t\t<div class=\"e-con-inner\">\n\t\t\t\t<div class=\"elementor-element elementor-element-92cd1ec elementor-absolute elementor-widget elementor-widget-image\" data-id=\"92cd1ec\" data-element_type=\"widget\" data-e-type=\"widget\" data-settings=\"{&quot;_position&quot;:&quot;absolute&quot;}\" data-widget_type=\"image.default\">\n\t\t\t\t<div class=\"elementor-widget-container\">\n\t\t\t\t\t\t\t\t\t\t\t\t\t\t\t<img fetchpriority=\"high\" decoding=\"async\" width=\"800\" height=\"534\" src=\"https:\/\/obaprojecten.nl\/wp-content\/uploads\/2025\/01\/oba-projecten-infra-image-1-1024x683.webp\" class=\"attachment-large size-large wp-image-56\" alt=\"\" srcset=\"https:\/\/obaprojecten.nl\/wp-content\/uploads\/2025\/01\/oba-projecten-infra-image-1-1024x683.webp 1024w, https:\/\/obaprojecten.nl\/wp-content\/uploads\/2025\/01\/oba-projecten-infra-image-1-300x200.webp 300w, https:\/\/obaprojecten.nl\/wp-content\/uploads\/2025\/01\/oba-projecten-infra-image-1-768x512.webp 768w, https:\/\/obaprojecten.nl\/wp-content\/uploads\/2025\/01\/oba-projecten-infra-image-1-1536x1024.webp 1536w, https:\/\/obaprojecten.nl\/wp-content\/uploads\/2025\/01\/oba-projecten-infra-image-1-2048x1365.webp 2048w\" sizes=\"(max-width: 800px) 100vw, 800px\" \/>\t\t\t\t\t\t\t\t\t\t\t\t\t\t\t<\/div>\n\t\t\t\t<\/div>\n\t\t\t\t<div class=\"elementor-element elementor-element-c5e9405 elementor-absolute elementor-widget elementor-widget-image\" data-id=\"c5e9405\" data-element_type=\"widget\" data-e-type=\"widget\" data-settings=\"{&quot;_position&quot;:&quot;absolute&quot;}\" data-widget_type=\"image.default\">\n\t\t\t\t<div class=\"elementor-widget-container\">\n\t\t\t\t\t\t\t\t\t\t\t\t\t\t\t<img decoding=\"async\" width=\"800\" height=\"534\" src=\"https:\/\/obaprojecten.nl\/wp-content\/uploads\/2025\/01\/workers-work-bury-cables-ultrafast-network.webp\" class=\"attachment-large size-large wp-image-271\" alt=\"\" srcset=\"https:\/\/obaprojecten.nl\/wp-content\/uploads\/2025\/01\/workers-work-bury-cables-ultrafast-network.webp 800w, https:\/\/obaprojecten.nl\/wp-content\/uploads\/2025\/01\/workers-work-bury-cables-ultrafast-network-300x200.webp 300w, https:\/\/obaprojecten.nl\/wp-content\/uploads\/2025\/01\/workers-work-bury-cables-ultrafast-network-768x513.webp 768w\" sizes=\"(max-width: 800px) 100vw, 800px\" \/>\t\t\t\t\t\t\t\t\t\t\t\t\t\t\t<\/div>\n\t\t\t\t<\/div>\n\t\t\t\t<div class=\"elementor-element elementor-element-c7bbd2a elementor-absolute elementor-widget elementor-widget-image\" data-id=\"c7bbd2a\" data-element_type=\"widget\" data-e-type=\"widget\" data-settings=\"{&quot;_position&quot;:&quot;absolute&quot;}\" data-widget_type=\"image.default\">\n\t\t\t\t<div class=\"elementor-widget-container\">\n\t\t\t\t\t\t\t\t\t\t\t\t\t\t\t<img decoding=\"async\" width=\"800\" height=\"534\" src=\"https:\/\/obaprojecten.nl\/wp-content\/uploads\/2025\/01\/manual-workers-working-outdoors-2-1024x683.jpg\" class=\"attachment-large size-large wp-image-233\" alt=\"\" srcset=\"https:\/\/obaprojecten.nl\/wp-content\/uploads\/2025\/01\/manual-workers-working-outdoors-2-1024x683.jpg 1024w, https:\/\/obaprojecten.nl\/wp-content\/uploads\/2025\/01\/manual-workers-working-outdoors-2-300x200.jpg 300w, https:\/\/obaprojecten.nl\/wp-content\/uploads\/2025\/01\/manual-workers-working-outdoors-2-768x512.jpg 768w, https:\/\/obaprojecten.nl\/wp-content\/uploads\/2025\/01\/manual-workers-working-outdoors-2-1536x1024.jpg 1536w, https:\/\/obaprojecten.nl\/wp-content\/uploads\/2025\/01\/manual-workers-working-outdoors-2.jpg 1920w\" sizes=\"(max-width: 800px) 100vw, 800px\" \/>\t\t\t\t\t\t\t\t\t\t\t\t\t\t\t<\/div>\n\t\t\t\t<\/div>\n\t\t\t\t<div class=\"elementor-element elementor-element-107ec95 elementor-widget__width-initial elementor-absolute elementor-widget elementor-widget-image\" data-id=\"107ec95\" data-element_type=\"widget\" data-e-type=\"widget\" data-settings=\"{&quot;_position&quot;:&quot;absolute&quot;}\" data-widget_type=\"image.default\">\n\t\t\t\t<div class=\"elementor-widget-container\">\n\t\t\t\t\t\t\t\t\t\t\t\t\t\t\t<img loading=\"lazy\" decoding=\"async\" width=\"340\" height=\"408\" src=\"https:\/\/obaprojecten.nl\/wp-content\/uploads\/2025\/01\/whatsapp-image-2024-11-28-at-17-04-48-high.webp\" class=\"attachment-large size-large wp-image-77\" alt=\"\" srcset=\"https:\/\/obaprojecten.nl\/wp-content\/uploads\/2025\/01\/whatsapp-image-2024-11-28-at-17-04-48-high.webp 340w, https:\/\/obaprojecten.nl\/wp-content\/uploads\/2025\/01\/whatsapp-image-2024-11-28-at-17-04-48-high-250x300.webp 250w\" sizes=\"(max-width: 340px) 100vw, 340px\" \/>\t\t\t\t\t\t\t\t\t\t\t\t\t\t\t<\/div>\n\t\t\t\t<\/div>\n\t\t\t\t\t<\/div>\n\t\t\t\t<\/div>\n\t\t\t\t\t<\/div>\n\t\t\t\t<\/div>\n\t\t<div class=\"elementor-element elementor-element-9b5c847 e-flex e-con-boxed e-con e-parent\" data-id=\"9b5c847\" data-element_type=\"container\" data-e-type=\"container\">\n\t\t\t\t\t<div class=\"e-con-inner\">\n\t\t\t\t<div class=\"elementor-element elementor-element-bae9835 elementor-widget elementor-widget-heading\" data-id=\"bae9835\" data-element_type=\"widget\" data-e-type=\"widget\" data-widget_type=\"heading.default\">\n\t\t\t\t<div class=\"elementor-widget-container\">\n\t\t\t\t\t<h2 class=\"elementor-heading-title elementor-size-default\">Unser Fachwissen<\/h2>\t\t\t\t<\/div>\n\t\t\t\t<\/div>\n\t\t\t\t<div class=\"elementor-element elementor-element-a6e3203 elementor-widget elementor-widget-heading\" data-id=\"a6e3203\" data-element_type=\"widget\" data-e-type=\"widget\" data-widget_type=\"heading.default\">\n\t\t\t\t<div class=\"elementor-widget-container\">\n\t\t\t\t\t<h2 class=\"elementor-heading-title elementor-size-default\"><br>Ihr Spezialist f\u00fcr Infrastrukturtechnologie in den Niederlanden und Deutschland <\/h2>\t\t\t\t<\/div>\n\t\t\t\t<\/div>\n\t\t\t\t\t<\/div>\n\t\t\t\t<\/div>\n\t\t<div class=\"elementor-element elementor-element-c9242e1 e-grid e-con-boxed e-con e-parent\" data-id=\"c9242e1\" data-element_type=\"container\" data-e-type=\"container\" data-settings=\"{&quot;background_background&quot;:&quot;classic&quot;}\">\n\t\t\t\t\t<div class=\"e-con-inner\">\n\t\t<div class=\"elementor-element elementor-element-2dbcdd8 e-con-full e-flex e-con e-child\" data-id=\"2dbcdd8\" data-element_type=\"container\" data-e-type=\"container\" data-settings=\"{&quot;background_background&quot;:&quot;classic&quot;}\">\n\t\t\t\t<div class=\"elementor-element elementor-element-ec82a51 elementor-widget elementor-widget-image\" data-id=\"ec82a51\" data-element_type=\"widget\" data-e-type=\"widget\" data-widget_type=\"image.default\">\n\t\t\t\t<div class=\"elementor-widget-container\">\n\t\t\t\t\t\t\t\t\t\t\t\t\t\t\t<img loading=\"lazy\" decoding=\"async\" width=\"340\" height=\"408\" src=\"https:\/\/obaprojecten.nl\/wp-content\/uploads\/2025\/01\/whatsapp-image-2024-11-28-at-17-04-48-high.webp\" class=\"attachment-large size-large wp-image-77\" alt=\"\" srcset=\"https:\/\/obaprojecten.nl\/wp-content\/uploads\/2025\/01\/whatsapp-image-2024-11-28-at-17-04-48-high.webp 340w, https:\/\/obaprojecten.nl\/wp-content\/uploads\/2025\/01\/whatsapp-image-2024-11-28-at-17-04-48-high-250x300.webp 250w\" sizes=\"(max-width: 340px) 100vw, 340px\" \/>\t\t\t\t\t\t\t\t\t\t\t\t\t\t\t<\/div>\n\t\t\t\t<\/div>\n\t\t<div class=\"elementor-element elementor-element-2fecb50 e-con-full e-flex e-con e-child\" data-id=\"2fecb50\" data-element_type=\"container\" data-e-type=\"container\">\n\t\t\t\t<div class=\"elementor-element elementor-element-3657f8a elementor-widget elementor-widget-heading\" data-id=\"3657f8a\" data-element_type=\"widget\" data-e-type=\"widget\" data-widget_type=\"heading.default\">\n\t\t\t\t<div class=\"elementor-widget-container\">\n\t\t\t\t\t<h2 class=\"elementor-heading-title elementor-size-default\">OBA Projects B.V.<\/h2>\t\t\t\t<\/div>\n\t\t\t\t<\/div>\n\t\t\t\t<div class=\"elementor-element elementor-element-578aaaf elementor-widget elementor-widget-heading\" data-id=\"578aaaf\" data-element_type=\"widget\" data-e-type=\"widget\" data-widget_type=\"heading.default\">\n\t\t\t\t<div class=\"elementor-widget-container\">\n\t\t\t\t\t<p class=\"elementor-heading-title elementor-size-default\">Unsere Projekte in den Niederlanden<\/p>\t\t\t\t<\/div>\n\t\t\t\t<\/div>\n\t\t\t\t<div class=\"elementor-element elementor-element-2298ee2 elementor-align-left elementor-widget elementor-widget-button\" data-id=\"2298ee2\" data-element_type=\"widget\" data-e-type=\"widget\" data-widget_type=\"button.default\">\n\t\t\t\t<div class=\"elementor-widget-container\">\n\t\t\t\t\t\t\t\t\t<div class=\"elementor-button-wrapper\">\n\t\t\t\t\t<a class=\"elementor-button elementor-button-link elementor-size-sm\" href=\"https:\/\/obaprojecten.nl\/de\/projekte\/\">\n\t\t\t\t\t\t<span class=\"elementor-button-content-wrapper\">\n\t\t\t\t\t\t<span class=\"elementor-button-icon\">\n\t\t\t\t<svg aria-hidden=\"true\" class=\"e-font-icon-svg e-fas-angle-right\" viewBox=\"0 0 256 512\" xmlns=\"http:\/\/www.w3.org\/2000\/svg\"><path d=\"M224.3 273l-136 136c-9.4 9.4-24.6 9.4-33.9 0l-22.6-22.6c-9.4-9.4-9.4-24.6 0-33.9l96.4-96.4-96.4-96.4c-9.4-9.4-9.4-24.6 0-33.9L54.3 103c9.4-9.4 24.6-9.4 33.9 0l136 136c9.5 9.4 9.5 24.6.1 34z\"><\/path><\/svg>\t\t\t<\/span>\n\t\t\t\t\t\t\t\t\t<span class=\"elementor-button-text\">Siehe<\/span>\n\t\t\t\t\t<\/span>\n\t\t\t\t\t<\/a>\n\t\t\t\t<\/div>\n\t\t\t\t\t\t\t\t<\/div>\n\t\t\t\t<\/div>\n\t\t\t\t<\/div>\n\t\t\t\t<\/div>\n\t\t<div class=\"elementor-element elementor-element-af5e7c1 e-con-full e-flex e-con e-child\" data-id=\"af5e7c1\" data-element_type=\"container\" data-e-type=\"container\" data-settings=\"{&quot;background_background&quot;:&quot;classic&quot;}\">\n\t\t\t\t<div class=\"elementor-element elementor-element-7dcd6aa elementor-widget elementor-widget-image\" data-id=\"7dcd6aa\" data-element_type=\"widget\" data-e-type=\"widget\" data-widget_type=\"image.default\">\n\t\t\t\t<div class=\"elementor-widget-container\">\n\t\t\t\t\t\t\t\t\t\t\t\t\t\t\t<img loading=\"lazy\" decoding=\"async\" width=\"340\" height=\"408\" src=\"https:\/\/obaprojecten.nl\/wp-content\/uploads\/2025\/01\/whatsapp-image-2024-11-28-at-17-05-52-high.webp\" class=\"attachment-large size-large wp-image-86\" alt=\"\" srcset=\"https:\/\/obaprojecten.nl\/wp-content\/uploads\/2025\/01\/whatsapp-image-2024-11-28-at-17-05-52-high.webp 340w, https:\/\/obaprojecten.nl\/wp-content\/uploads\/2025\/01\/whatsapp-image-2024-11-28-at-17-05-52-high-250x300.webp 250w\" sizes=\"(max-width: 340px) 100vw, 340px\" \/>\t\t\t\t\t\t\t\t\t\t\t\t\t\t\t<\/div>\n\t\t\t\t<\/div>\n\t\t<div class=\"elementor-element elementor-element-6f1e117 e-con-full e-flex e-con e-child\" data-id=\"6f1e117\" data-element_type=\"container\" data-e-type=\"container\">\n\t\t\t\t<div class=\"elementor-element elementor-element-829b752 elementor-widget elementor-widget-heading\" data-id=\"829b752\" data-element_type=\"widget\" data-e-type=\"widget\" data-widget_type=\"heading.default\">\n\t\t\t\t<div class=\"elementor-widget-container\">\n\t\t\t\t\t<h2 class=\"elementor-heading-title elementor-size-default\">Vorstand &amp; Aktion\u00e4r<\/h2>\t\t\t\t<\/div>\n\t\t\t\t<\/div>\n\t\t\t\t<div class=\"elementor-element elementor-element-5891bb6 elementor-widget elementor-widget-heading\" data-id=\"5891bb6\" data-element_type=\"widget\" data-e-type=\"widget\" data-widget_type=\"heading.default\">\n\t\t\t\t<div class=\"elementor-widget-container\">\n\t\t\t\t\t<p class=\"elementor-heading-title elementor-size-default\">Professionelle Projektleitung<\/p>\t\t\t\t<\/div>\n\t\t\t\t<\/div>\n\t\t\t\t<div class=\"elementor-element elementor-element-83cfa63 elementor-align-left elementor-widget elementor-widget-button\" data-id=\"83cfa63\" data-element_type=\"widget\" data-e-type=\"widget\" data-widget_type=\"button.default\">\n\t\t\t\t<div class=\"elementor-widget-container\">\n\t\t\t\t\t\t\t\t\t<div class=\"elementor-button-wrapper\">\n\t\t\t\t\t<a class=\"elementor-button elementor-button-link elementor-size-sm\" href=\"https:\/\/obaprojecten.nl\/de\/ueber-uns\/\">\n\t\t\t\t\t\t<span class=\"elementor-button-content-wrapper\">\n\t\t\t\t\t\t<span class=\"elementor-button-icon\">\n\t\t\t\t<svg aria-hidden=\"true\" class=\"e-font-icon-svg e-fas-angle-right\" viewBox=\"0 0 256 512\" xmlns=\"http:\/\/www.w3.org\/2000\/svg\"><path d=\"M224.3 273l-136 136c-9.4 9.4-24.6 9.4-33.9 0l-22.6-22.6c-9.4-9.4-9.4-24.6 0-33.9l96.4-96.4-96.4-96.4c-9.4-9.4-9.4-24.6 0-33.9L54.3 103c9.4-9.4 24.6-9.4 33.9 0l136 136c9.5 9.4 9.5 24.6.1 34z\"><\/path><\/svg>\t\t\t<\/span>\n\t\t\t\t\t\t\t\t\t<span class=\"elementor-button-text\">Siehe<\/span>\n\t\t\t\t\t<\/span>\n\t\t\t\t\t<\/a>\n\t\t\t\t<\/div>\n\t\t\t\t\t\t\t\t<\/div>\n\t\t\t\t<\/div>\n\t\t\t\t<\/div>\n\t\t\t\t<\/div>\n\t\t<div class=\"elementor-element elementor-element-c3d3909 e-con-full e-flex e-con e-child\" data-id=\"c3d3909\" data-element_type=\"container\" data-e-type=\"container\" data-settings=\"{&quot;background_background&quot;:&quot;classic&quot;}\">\n\t\t\t\t<div class=\"elementor-element elementor-element-907cc50 elementor-widget elementor-widget-image\" data-id=\"907cc50\" data-element_type=\"widget\" data-e-type=\"widget\" data-widget_type=\"image.default\">\n\t\t\t\t<div class=\"elementor-widget-container\">\n\t\t\t\t\t\t\t\t\t\t\t\t\t\t\t<img loading=\"lazy\" decoding=\"async\" width=\"340\" height=\"408\" src=\"https:\/\/obaprojecten.nl\/wp-content\/uploads\/2025\/01\/whatsapp-image-2024-11-28-at-17-03-28-high.webp\" class=\"attachment-large size-large wp-image-88\" alt=\"\" srcset=\"https:\/\/obaprojecten.nl\/wp-content\/uploads\/2025\/01\/whatsapp-image-2024-11-28-at-17-03-28-high.webp 340w, https:\/\/obaprojecten.nl\/wp-content\/uploads\/2025\/01\/whatsapp-image-2024-11-28-at-17-03-28-high-250x300.webp 250w\" sizes=\"(max-width: 340px) 100vw, 340px\" \/>\t\t\t\t\t\t\t\t\t\t\t\t\t\t\t<\/div>\n\t\t\t\t<\/div>\n\t\t<div class=\"elementor-element elementor-element-9d100f9 e-con-full e-flex e-con e-child\" data-id=\"9d100f9\" data-element_type=\"container\" data-e-type=\"container\">\n\t\t\t\t<div class=\"elementor-element elementor-element-4088cc9 elementor-widget elementor-widget-heading\" data-id=\"4088cc9\" data-element_type=\"widget\" data-e-type=\"widget\" data-widget_type=\"heading.default\">\n\t\t\t\t<div class=\"elementor-widget-container\">\n\t\t\t\t\t<h2 class=\"elementor-heading-title elementor-size-default\">OBA Projekte Infratechnik GmbH<\/h2>\t\t\t\t<\/div>\n\t\t\t\t<\/div>\n\t\t\t\t<div class=\"elementor-element elementor-element-1226319 elementor-widget elementor-widget-heading\" data-id=\"1226319\" data-element_type=\"widget\" data-e-type=\"widget\" data-widget_type=\"heading.default\">\n\t\t\t\t<div class=\"elementor-widget-container\">\n\t\t\t\t\t<p class=\"elementor-heading-title elementor-size-default\">Unsere Projekte in Deutschland<\/p>\t\t\t\t<\/div>\n\t\t\t\t<\/div>\n\t\t\t\t<div class=\"elementor-element elementor-element-3cd9ee0 elementor-align-left elementor-widget elementor-widget-button\" data-id=\"3cd9ee0\" data-element_type=\"widget\" data-e-type=\"widget\" data-widget_type=\"button.default\">\n\t\t\t\t<div class=\"elementor-widget-container\">\n\t\t\t\t\t\t\t\t\t<div class=\"elementor-button-wrapper\">\n\t\t\t\t\t<a class=\"elementor-button elementor-button-link elementor-size-sm\" href=\"https:\/\/obaprojecten.nl\/de\/ueber-uns\/\">\n\t\t\t\t\t\t<span class=\"elementor-button-content-wrapper\">\n\t\t\t\t\t\t<span class=\"elementor-button-icon\">\n\t\t\t\t<svg aria-hidden=\"true\" class=\"e-font-icon-svg e-fas-angle-right\" viewBox=\"0 0 256 512\" xmlns=\"http:\/\/www.w3.org\/2000\/svg\"><path d=\"M224.3 273l-136 136c-9.4 9.4-24.6 9.4-33.9 0l-22.6-22.6c-9.4-9.4-9.4-24.6 0-33.9l96.4-96.4-96.4-96.4c-9.4-9.4-9.4-24.6 0-33.9L54.3 103c9.4-9.4 24.6-9.4 33.9 0l136 136c9.5 9.4 9.5 24.6.1 34z\"><\/path><\/svg>\t\t\t<\/span>\n\t\t\t\t\t\t\t\t\t<span class=\"elementor-button-text\">Siehe<\/span>\n\t\t\t\t\t<\/span>\n\t\t\t\t\t<\/a>\n\t\t\t\t<\/div>\n\t\t\t\t\t\t\t\t<\/div>\n\t\t\t\t<\/div>\n\t\t\t\t<\/div>\n\t\t\t\t<\/div>\n\t\t\t\t\t<\/div>\n\t\t\t\t<\/div>\n\t\t<div class=\"elementor-element elementor-element-5a2649a e-flex e-con-boxed e-con e-parent\" data-id=\"5a2649a\" data-element_type=\"container\" data-e-type=\"container\" data-settings=\"{&quot;background_background&quot;:&quot;classic&quot;}\">\n\t\t\t\t\t<div class=\"e-con-inner\">\n\t\t\t\t<div class=\"elementor-element elementor-element-b9fdd90 elementor-widget elementor-widget-heading\" data-id=\"b9fdd90\" data-element_type=\"widget\" data-e-type=\"widget\" data-widget_type=\"heading.default\">\n\t\t\t\t<div class=\"elementor-widget-container\">\n\t\t\t\t\t<h2 class=\"elementor-heading-title elementor-size-default\">Entscheiden Sie sich f\u00fcr unsere Infratechnologie und profitieren Sie von unserem umfangreichen Netzwerk und unserer Kenntnis der lokalen Gesetzgebung.<\/h2>\t\t\t\t<\/div>\n\t\t\t\t<\/div>\n\t\t\t\t<div class=\"elementor-element elementor-element-c692b44 elementor-widget__width-initial elementor-widget-mobile__width-inherit elementor-widget elementor-widget-heading\" data-id=\"c692b44\" data-element_type=\"widget\" data-e-type=\"widget\" data-widget_type=\"heading.default\">\n\t\t\t\t<div class=\"elementor-widget-container\">\n\t\t\t\t\t<p class=\"elementor-heading-title elementor-size-default\">Wir sorgen daf\u00fcr, dass Ihre Infrastrukturprojekte die Erwartungen in Bezug auf Qualit\u00e4t und Nachhaltigkeit nicht nur erf\u00fcllen, sondern \u00fcbertreffen. Unser Team ist bestrebt, Ergebnisse zu liefern, denen Sie vertrauen k\u00f6nnen.<\/p>\t\t\t\t<\/div>\n\t\t\t\t<\/div>\n\t\t<div class=\"elementor-element elementor-element-1b990ec e-grid e-con-full e-con e-child\" data-id=\"1b990ec\" data-element_type=\"container\" data-e-type=\"container\">\n\t\t<div class=\"elementor-element elementor-element-ad36bce e-con-full e-flex e-con e-child\" data-id=\"ad36bce\" data-element_type=\"container\" data-e-type=\"container\" data-settings=\"{&quot;background_background&quot;:&quot;classic&quot;}\">\n\t\t\t\t<div class=\"elementor-element elementor-element-004ddf6 elementor-widget elementor-widget-heading\" data-id=\"004ddf6\" data-element_type=\"widget\" data-e-type=\"widget\" data-widget_type=\"heading.default\">\n\t\t\t\t<div class=\"elementor-widget-container\">\n\t\t\t\t\t<h2 class=\"elementor-heading-title elementor-size-default\">Nachhaltige L\u00f6sungen<\/h2>\t\t\t\t<\/div>\n\t\t\t\t<\/div>\n\t\t\t\t<\/div>\n\t\t<div class=\"elementor-element elementor-element-a9275c0 e-con-full e-flex e-con e-child\" data-id=\"a9275c0\" data-element_type=\"container\" data-e-type=\"container\" data-settings=\"{&quot;background_background&quot;:&quot;classic&quot;}\">\n\t\t\t\t<div class=\"elementor-element elementor-element-5f2edde elementor-widget elementor-widget-heading\" data-id=\"5f2edde\" data-element_type=\"widget\" data-e-type=\"widget\" data-widget_type=\"heading.default\">\n\t\t\t\t<div class=\"elementor-widget-container\">\n\t\t\t\t\t<h2 class=\"elementor-heading-title elementor-size-default\">Technisches Fachwissen<\/h2>\t\t\t\t<\/div>\n\t\t\t\t<\/div>\n\t\t\t\t<\/div>\n\t\t<div class=\"elementor-element elementor-element-24afbfa e-con-full e-flex e-con e-child\" data-id=\"24afbfa\" data-element_type=\"container\" data-e-type=\"container\" data-settings=\"{&quot;background_background&quot;:&quot;classic&quot;}\">\n\t\t\t\t<div class=\"elementor-element elementor-element-ebadc72 elementor-widget elementor-widget-heading\" data-id=\"ebadc72\" data-element_type=\"widget\" data-e-type=\"widget\" data-widget_type=\"heading.default\">\n\t\t\t\t<div class=\"elementor-widget-container\">\n\t\t\t\t\t<h2 class=\"elementor-heading-title elementor-size-default\">Einhaltung von Sicherheitsstandards<\/h2>\t\t\t\t<\/div>\n\t\t\t\t<\/div>\n\t\t\t\t<\/div>\n\t\t\t\t<\/div>\n\t\t\t\t\t<\/div>\n\t\t\t\t<\/div>\n\t\t\t\t<\/div>\n\t\t","protected":false},"excerpt":{"rendered":"<p>Willkommen bei OBA Niederlande und Deutschland Technologie f\u00fcr die Zukunft Unser Fachwissen Ihr Spezialist f\u00fcr Infrastrukturtechnologie in den Niederlanden und Deutschland OBA Projects B.V. Unsere Projekte in den Niederlanden Siehe Vorstand &amp; Aktion\u00e4r Professionelle Projektleitung Siehe OBA Projekte Infratechnik GmbH Unsere Projekte in Deutschland Siehe Entscheiden Sie sich f\u00fcr unsere Infratechnologie und profitieren Sie von [&hellip;]<\/p>\n","protected":false},"author":1,"featured_media":0,"parent":0,"menu_order":0,"comment_status":"closed","ping_status":"closed","template":"","meta":{"footnotes":""},"class_list":["post-288","page","type-page","status-publish","hentry"],"_links":{"self":[{"href":"https:\/\/obaprojecten.nl\/de\/wp-json\/wp\/v2\/pages\/288","targetHints":{"allow":["GET"]}}],"collection":[{"href":"https:\/\/obaprojecten.nl\/de\/wp-json\/wp\/v2\/pages"}],"about":[{"href":"https:\/\/obaprojecten.nl\/de\/wp-json\/wp\/v2\/types\/page"}],"author":[{"embeddable":true,"href":"https:\/\/obaprojecten.nl\/de\/wp-json\/wp\/v2\/users\/1"}],"replies":[{"embeddable":true,"href":"https:\/\/obaprojecten.nl\/de\/wp-json\/wp\/v2\/comments?post=288"}],"version-history":[{"count":5,"href":"https:\/\/obaprojecten.nl\/de\/wp-json\/wp\/v2\/pages\/288\/revisions"}],"predecessor-version":[{"id":326,"href":"https:\/\/obaprojecten.nl\/de\/wp-json\/wp\/v2\/pages\/288\/revisions\/326"}],"wp:attachment":[{"href":"https:\/\/obaprojecten.nl\/de\/wp-json\/wp\/v2\/media?parent=288"}],"curies":[{"name":"wp","href":"https:\/\/api.w.org\/{rel}","templated":true}]}}