{"id":290,"date":"2025-01-22T14:16:24","date_gmt":"2025-01-22T13:16:24","guid":{"rendered":"https:\/\/obaprojecten.nl\/ueber-uns\/"},"modified":"2025-01-23T03:08:08","modified_gmt":"2025-01-23T02:08:08","slug":"ueber-uns","status":"publish","type":"page","link":"https:\/\/obaprojecten.nl\/de\/ueber-uns\/","title":{"rendered":"\u00dcber uns"},"content":{"rendered":"\t\t<div data-elementor-type=\"wp-page\" data-elementor-id=\"290\" class=\"elementor elementor-290 elementor-11\" data-elementor-post-type=\"page\">\n\t\t\t\t<div class=\"elementor-element elementor-element-93c73ee e-flex e-con-boxed e-con e-parent\" data-id=\"93c73ee\" data-element_type=\"container\" data-e-type=\"container\">\n\t\t\t\t\t<div class=\"e-con-inner\">\n\t\t<div class=\"elementor-element elementor-element-de6f901 e-con-full e-flex e-con e-child\" data-id=\"de6f901\" data-element_type=\"container\" data-e-type=\"container\">\n\t\t\t\t<div class=\"elementor-element elementor-element-9e1537a elementor-widget elementor-widget-heading\" data-id=\"9e1537a\" data-element_type=\"widget\" data-e-type=\"widget\" data-widget_type=\"heading.default\">\n\t\t\t\t<div class=\"elementor-widget-container\">\n\t\t\t\t\t<h2 class=\"elementor-heading-title elementor-size-default\">Ihr Spezialist f\u00fcr Infrastruktur in den Niederlanden und Deutschland<\/h2>\t\t\t\t<\/div>\n\t\t\t\t<\/div>\n\t\t\t\t<div class=\"elementor-element elementor-element-f3a5dd6 elementor-widget elementor-widget-text-editor\" data-id=\"f3a5dd6\" data-element_type=\"widget\" data-e-type=\"widget\" data-widget_type=\"text-editor.default\">\n\t\t\t\t<div class=\"elementor-widget-container\">\n\t\t\t\t\t\t\t\t\t<p>OBA Projects ist ein f\u00fchrender Spezialist f\u00fcr Infrastrukturprojekte mit Niederlassungen in den Niederlanden und Deutschland. Mit jahrelanger Erfahrung und einem Fokus auf Qualit\u00e4t und Innovation sind wir Ihr zuverl\u00e4ssiger Partner f\u00fcr komplexe Infrastrukturprojekte. Unser Fachwissen reicht von der Verlegung von unterirdischen Internetkabeln bis hin zur Bereitstellung ma\u00dfgeschneiderter L\u00f6sungen im Bereich der Glasfasertechnologie.<\/p>\n\t\t\t\t\t\t\t\t<\/div>\n\t\t\t\t<\/div>\n\t\t\t\t<\/div>\n\t\t<div class=\"elementor-element elementor-element-9cd30be e-con-full e-flex e-con e-child\" data-id=\"9cd30be\" data-element_type=\"container\" data-e-type=\"container\">\n\t\t\t\t<div class=\"elementor-element elementor-element-fe394b2 elementor-widget elementor-widget-image\" data-id=\"fe394b2\" data-element_type=\"widget\" data-e-type=\"widget\" data-widget_type=\"image.default\">\n\t\t\t\t<div class=\"elementor-widget-container\">\n\t\t\t\t\t\t\t\t\t\t\t\t\t\t\t<img fetchpriority=\"high\" decoding=\"async\" width=\"340\" height=\"408\" src=\"https:\/\/obaprojecten.nl\/wp-content\/uploads\/2025\/01\/whatsapp-image-2024-11-28-at-17-04-48-high-1.webp\" class=\"attachment-large size-large wp-image-226\" alt=\"\" srcset=\"https:\/\/obaprojecten.nl\/wp-content\/uploads\/2025\/01\/whatsapp-image-2024-11-28-at-17-04-48-high-1.webp 340w, https:\/\/obaprojecten.nl\/wp-content\/uploads\/2025\/01\/whatsapp-image-2024-11-28-at-17-04-48-high-1-250x300.webp 250w\" sizes=\"(max-width: 340px) 100vw, 340px\" \/>\t\t\t\t\t\t\t\t\t\t\t\t\t\t\t<\/div>\n\t\t\t\t<\/div>\n\t\t\t\t<\/div>\n\t\t\t\t\t<\/div>\n\t\t\t\t<\/div>\n\t\t<div class=\"elementor-element elementor-element-8392d79 e-flex e-con-boxed e-con e-parent\" data-id=\"8392d79\" data-element_type=\"container\" data-e-type=\"container\" data-settings=\"{&quot;background_background&quot;:&quot;classic&quot;}\">\n\t\t\t\t\t<div class=\"e-con-inner\">\n\t\t<div class=\"elementor-element elementor-element-49870a4 e-con-full e-flex e-con e-child\" data-id=\"49870a4\" data-element_type=\"container\" data-e-type=\"container\">\n\t\t\t\t<div class=\"elementor-element elementor-element-2702868 elementor-widget elementor-widget-image\" data-id=\"2702868\" data-element_type=\"widget\" data-e-type=\"widget\" data-widget_type=\"image.default\">\n\t\t\t\t<div class=\"elementor-widget-container\">\n\t\t\t\t\t\t\t\t\t\t\t\t\t\t\t<img decoding=\"async\" width=\"800\" height=\"534\" src=\"https:\/\/obaprojecten.nl\/wp-content\/uploads\/2025\/01\/manual-workers-working-outdoors-1-1024x683.jpg\" class=\"attachment-large size-large wp-image-231\" alt=\"\" srcset=\"https:\/\/obaprojecten.nl\/wp-content\/uploads\/2025\/01\/manual-workers-working-outdoors-1-1024x683.jpg 1024w, https:\/\/obaprojecten.nl\/wp-content\/uploads\/2025\/01\/manual-workers-working-outdoors-1-300x200.jpg 300w, https:\/\/obaprojecten.nl\/wp-content\/uploads\/2025\/01\/manual-workers-working-outdoors-1-768x512.jpg 768w, https:\/\/obaprojecten.nl\/wp-content\/uploads\/2025\/01\/manual-workers-working-outdoors-1.jpg 1200w\" sizes=\"(max-width: 800px) 100vw, 800px\" \/>\t\t\t\t\t\t\t\t\t\t\t\t\t\t\t<\/div>\n\t\t\t\t<\/div>\n\t\t\t\t<\/div>\n\t\t<div class=\"elementor-element elementor-element-e82171b e-con-full e-flex e-con e-child\" data-id=\"e82171b\" data-element_type=\"container\" data-e-type=\"container\">\n\t\t\t\t<div class=\"elementor-element elementor-element-a0372f9 elementor-widget elementor-widget-heading\" data-id=\"a0372f9\" data-element_type=\"widget\" data-e-type=\"widget\" data-widget_type=\"heading.default\">\n\t\t\t\t<div class=\"elementor-widget-container\">\n\t\t\t\t\t<h2 class=\"elementor-heading-title elementor-size-default\">Was k\u00f6nnen wir tun?<\/h2>\t\t\t\t<\/div>\n\t\t\t\t<\/div>\n\t\t\t\t<div class=\"elementor-element elementor-element-0c79bff elementor-widget elementor-widget-text-editor\" data-id=\"0c79bff\" data-element_type=\"widget\" data-e-type=\"widget\" data-widget_type=\"text-editor.default\">\n\t\t\t\t<div class=\"elementor-widget-container\">\n\t\t\t\t\t\t\t\t\t<p>OBA Projecten B.V. in den Niederlanden und OBA Projekte Infratechnik GmbH in Deutschland konzentrieren sich auf die Planung, Umsetzung und Verwaltung von Infrastrukturprojekten. Wir sind spezialisiert auf:<\/p>\n<ul>\n<li>Verlegung von unterirdischen Internetkabeln.<\/li>\n<li>Glasfasertechnologie und hochwertige Verbindungen.<\/li>\n<li>Zusammenarbeit mit Kunden, um Projekte erfolgreich und effizient durchzuf\u00fchren.<\/li>\n<\/ul>\n\t\t\t\t\t\t\t\t<\/div>\n\t\t\t\t<\/div>\n\t\t\t\t<\/div>\n\t\t\t\t\t<\/div>\n\t\t\t\t<\/div>\n\t\t<div class=\"elementor-element elementor-element-f81c8eb e-flex e-con-boxed e-con e-parent\" data-id=\"f81c8eb\" data-element_type=\"container\" data-e-type=\"container\" data-settings=\"{&quot;background_background&quot;:&quot;classic&quot;}\">\n\t\t\t\t\t<div class=\"e-con-inner\">\n\t\t<div class=\"elementor-element elementor-element-2dbd2d9 e-con-full e-flex e-con e-child\" data-id=\"2dbd2d9\" data-element_type=\"container\" data-e-type=\"container\">\n\t\t\t\t<div class=\"elementor-element elementor-element-1b1d8df elementor-widget elementor-widget-heading\" data-id=\"1b1d8df\" data-element_type=\"widget\" data-e-type=\"widget\" data-widget_type=\"heading.default\">\n\t\t\t\t<div class=\"elementor-widget-container\">\n\t\t\t\t\t<h2 class=\"elementor-heading-title elementor-size-default\">OBA Projecten B.V. - Ihr Glasfaserexperte in den Niederlanden<\/h2>\t\t\t\t<\/div>\n\t\t\t\t<\/div>\n\t\t\t\t<div class=\"elementor-element elementor-element-94cf954 elementor-widget elementor-widget-text-editor\" data-id=\"94cf954\" data-element_type=\"widget\" data-e-type=\"widget\" data-widget_type=\"text-editor.default\">\n\t\t\t\t<div class=\"elementor-widget-container\">\n\t\t\t\t\t\t\t\t\t<p>In den Niederlanden sind wir f\u00fcr unsere hochwertigen Glasfaserprojekte bekannt. Unsere Erfahrung in der Glasfasertechnologie sorgt daf\u00fcr, dass wir den neuesten Entwicklungen immer einen Schritt voraus sind. Ob f\u00fcr Bau-, Wartungs- oder gro\u00dfe Infrastrukturprojekte, wir liefern immer Spitzenqualit\u00e4t.<\/p>\n\t\t\t\t\t\t\t\t<\/div>\n\t\t\t\t<\/div>\n\t\t\t\t<\/div>\n\t\t<div class=\"elementor-element elementor-element-2f4d1cf e-con-full e-flex e-con e-child\" data-id=\"2f4d1cf\" data-element_type=\"container\" data-e-type=\"container\">\n\t\t\t\t<div class=\"elementor-element elementor-element-c9fc2c3 elementor-widget elementor-widget-image\" data-id=\"c9fc2c3\" data-element_type=\"widget\" data-e-type=\"widget\" data-widget_type=\"image.default\">\n\t\t\t\t<div class=\"elementor-widget-container\">\n\t\t\t\t\t\t\t\t\t\t\t\t\t\t\t<img decoding=\"async\" width=\"800\" height=\"800\" src=\"https:\/\/obaprojecten.nl\/wp-content\/uploads\/2025\/01\/nl-flag-1024x1024.png\" class=\"attachment-large size-large wp-image-247\" alt=\"\" srcset=\"https:\/\/obaprojecten.nl\/wp-content\/uploads\/2025\/01\/nl-flag-1024x1024.png 1024w, https:\/\/obaprojecten.nl\/wp-content\/uploads\/2025\/01\/nl-flag-300x300.png 300w, https:\/\/obaprojecten.nl\/wp-content\/uploads\/2025\/01\/nl-flag-150x150.png 150w, https:\/\/obaprojecten.nl\/wp-content\/uploads\/2025\/01\/nl-flag-768x768.png 768w, https:\/\/obaprojecten.nl\/wp-content\/uploads\/2025\/01\/nl-flag.png 1043w\" sizes=\"(max-width: 800px) 100vw, 800px\" \/>\t\t\t\t\t\t\t\t\t\t\t\t\t\t\t<\/div>\n\t\t\t\t<\/div>\n\t\t\t\t<\/div>\n\t\t\t\t\t<\/div>\n\t\t\t\t<\/div>\n\t\t<div class=\"elementor-element elementor-element-1ff3c11 e-flex e-con-boxed e-con e-parent\" data-id=\"1ff3c11\" data-element_type=\"container\" data-e-type=\"container\" data-settings=\"{&quot;background_background&quot;:&quot;classic&quot;}\">\n\t\t\t\t\t<div class=\"e-con-inner\">\n\t\t<div class=\"elementor-element elementor-element-c3399fc e-con-full e-flex e-con e-child\" data-id=\"c3399fc\" data-element_type=\"container\" data-e-type=\"container\">\n\t\t\t\t<div class=\"elementor-element elementor-element-1487ed9 elementor-widget elementor-widget-image\" data-id=\"1487ed9\" data-element_type=\"widget\" data-e-type=\"widget\" data-widget_type=\"image.default\">\n\t\t\t\t<div class=\"elementor-widget-container\">\n\t\t\t\t\t\t\t\t\t\t\t\t\t\t\t<img loading=\"lazy\" decoding=\"async\" width=\"800\" height=\"800\" src=\"https:\/\/obaprojecten.nl\/wp-content\/uploads\/2025\/01\/de-flag-1024x1024.png\" class=\"attachment-large size-large wp-image-245\" alt=\"\" srcset=\"https:\/\/obaprojecten.nl\/wp-content\/uploads\/2025\/01\/de-flag-1024x1024.png 1024w, https:\/\/obaprojecten.nl\/wp-content\/uploads\/2025\/01\/de-flag-300x300.png 300w, https:\/\/obaprojecten.nl\/wp-content\/uploads\/2025\/01\/de-flag-150x150.png 150w, https:\/\/obaprojecten.nl\/wp-content\/uploads\/2025\/01\/de-flag-768x768.png 768w, https:\/\/obaprojecten.nl\/wp-content\/uploads\/2025\/01\/de-flag.png 1043w\" sizes=\"(max-width: 800px) 100vw, 800px\" \/>\t\t\t\t\t\t\t\t\t\t\t\t\t\t\t<\/div>\n\t\t\t\t<\/div>\n\t\t\t\t<\/div>\n\t\t<div class=\"elementor-element elementor-element-96f5bc8 e-con-full e-flex e-con e-child\" data-id=\"96f5bc8\" data-element_type=\"container\" data-e-type=\"container\">\n\t\t\t\t<div class=\"elementor-element elementor-element-9380dc2 elementor-widget elementor-widget-heading\" data-id=\"9380dc2\" data-element_type=\"widget\" data-e-type=\"widget\" data-widget_type=\"heading.default\">\n\t\t\t\t<div class=\"elementor-widget-container\">\n\t\t\t\t\t<h2 class=\"elementor-heading-title elementor-size-default\">OBA Projekte Infratechnik GmbH - Projekte in Deutschland<\/h2>\t\t\t\t<\/div>\n\t\t\t\t<\/div>\n\t\t\t\t<div class=\"elementor-element elementor-element-ad3f1f5 elementor-widget elementor-widget-text-editor\" data-id=\"ad3f1f5\" data-element_type=\"widget\" data-e-type=\"widget\" data-widget_type=\"text-editor.default\">\n\t\t\t\t<div class=\"elementor-widget-container\">\n\t\t\t\t\t\t\t\t\t<p>In Deutschland konzentrieren wir uns auf den Aufbau der Internet-Infrastruktur. Unser Wissen und unsere Erfahrung erm\u00f6glichen es uns, auch dort komplexe Projekte erfolgreich zu realisieren. Unsere lokale Pr\u00e4senz in Deutschland st\u00e4rkt unsere Zusammenarbeit mit Kunden und Partnern in der Region.<\/p>\n\t\t\t\t\t\t\t\t<\/div>\n\t\t\t\t<\/div>\n\t\t\t\t<\/div>\n\t\t\t\t\t<\/div>\n\t\t\t\t<\/div>\n\t\t<div class=\"elementor-element elementor-element-5a56451 e-flex e-con-boxed e-con e-parent\" data-id=\"5a56451\" data-element_type=\"container\" data-e-type=\"container\" data-settings=\"{&quot;background_background&quot;:&quot;classic&quot;}\">\n\t\t\t\t\t<div class=\"e-con-inner\">\n\t\t<div class=\"elementor-element elementor-element-8a8a4c2 e-con-full e-flex e-con e-child\" data-id=\"8a8a4c2\" data-element_type=\"container\" data-e-type=\"container\">\n\t\t\t\t<div class=\"elementor-element elementor-element-bf5370d elementor-widget elementor-widget-heading\" data-id=\"bf5370d\" data-element_type=\"widget\" data-e-type=\"widget\" data-widget_type=\"heading.default\">\n\t\t\t\t<div class=\"elementor-widget-container\">\n\t\t\t\t\t<h2 class=\"elementor-heading-title elementor-size-default\">Unser Auftrag<\/h2>\t\t\t\t<\/div>\n\t\t\t\t<\/div>\n\t\t\t\t<div class=\"elementor-element elementor-element-0574146 elementor-widget elementor-widget-text-editor\" data-id=\"0574146\" data-element_type=\"widget\" data-e-type=\"widget\" data-widget_type=\"text-editor.default\">\n\t\t\t\t<div class=\"elementor-widget-container\">\n\t\t\t\t\t\t\t\t\t<p>Bei OBA Projects streben wir in allem, was wir tun, nach Spitzenleistungen. Wir sind bestrebt, hochwertige Dienstleistungen zu erbringen, dauerhafte Beziehungen zu unseren Kunden aufzubauen und innovative L\u00f6sungen f\u00fcr die Zukunft der Infrastruktur zu entwickeln.<\/p>\n\t\t\t\t\t\t\t\t<\/div>\n\t\t\t\t<\/div>\n\t\t\t\t<\/div>\n\t\t<div class=\"elementor-element elementor-element-413533f e-con-full e-flex e-con e-child\" data-id=\"413533f\" data-element_type=\"container\" data-e-type=\"container\">\n\t\t\t\t<div class=\"elementor-element elementor-element-5e27f23 elementor-widget elementor-widget-image\" data-id=\"5e27f23\" data-element_type=\"widget\" data-e-type=\"widget\" data-widget_type=\"image.default\">\n\t\t\t\t<div class=\"elementor-widget-container\">\n\t\t\t\t\t\t\t\t\t\t\t\t\t\t\t<img loading=\"lazy\" decoding=\"async\" width=\"800\" height=\"486\" src=\"https:\/\/obaprojecten.nl\/wp-content\/uploads\/2025\/01\/logo.svg\" class=\"attachment-large size-large wp-image-32\" alt=\"\" \/>\t\t\t\t\t\t\t\t\t\t\t\t\t\t\t<\/div>\n\t\t\t\t<\/div>\n\t\t\t\t<\/div>\n\t\t\t\t\t<\/div>\n\t\t\t\t<\/div>\n\t\t<div class=\"elementor-element elementor-element-6076f46 e-flex e-con-boxed e-con e-parent\" data-id=\"6076f46\" data-element_type=\"container\" data-e-type=\"container\">\n\t\t\t\t\t<div class=\"e-con-inner\">\n\t\t<div class=\"elementor-element elementor-element-1511db9 e-con-full e-flex e-con e-child\" data-id=\"1511db9\" data-element_type=\"container\" data-e-type=\"container\">\n\t\t\t\t<div class=\"elementor-element elementor-element-4564f46 elementor-widget elementor-widget-heading\" data-id=\"4564f46\" data-element_type=\"widget\" data-e-type=\"widget\" data-widget_type=\"heading.default\">\n\t\t\t\t<div class=\"elementor-widget-container\">\n\t\t\t\t\t<h2 class=\"elementor-heading-title elementor-size-default\">Warum OBA w\u00e4hlen?<\/h2>\t\t\t\t<\/div>\n\t\t\t\t<\/div>\n\t\t\t\t<div class=\"elementor-element elementor-element-7e5dde5 elementor-icon-list--layout-traditional elementor-list-item-link-full_width elementor-widget elementor-widget-icon-list\" data-id=\"7e5dde5\" data-element_type=\"widget\" data-e-type=\"widget\" data-widget_type=\"icon-list.default\">\n\t\t\t\t<div class=\"elementor-widget-container\">\n\t\t\t\t\t\t\t<ul class=\"elementor-icon-list-items\">\n\t\t\t\t\t\t\t<li class=\"elementor-icon-list-item\">\n\t\t\t\t\t\t\t\t\t\t\t<span class=\"elementor-icon-list-icon\">\n\t\t\t\t\t\t\t<svg aria-hidden=\"true\" class=\"e-font-icon-svg e-fas-check-circle\" viewBox=\"0 0 512 512\" xmlns=\"http:\/\/www.w3.org\/2000\/svg\"><path d=\"M504 256c0 136.967-111.033 248-248 248S8 392.967 8 256 119.033 8 256 8s248 111.033 248 248zM227.314 387.314l184-184c6.248-6.248 6.248-16.379 0-22.627l-22.627-22.627c-6.248-6.249-16.379-6.249-22.628 0L216 308.118l-70.059-70.059c-6.248-6.248-16.379-6.248-22.628 0l-22.627 22.627c-6.248 6.248-6.248 16.379 0 22.627l104 104c6.249 6.249 16.379 6.249 22.628.001z\"><\/path><\/svg>\t\t\t\t\t\t<\/span>\n\t\t\t\t\t\t\t\t\t\t<span class=\"elementor-icon-list-text\"><b>Erfahrenes Team:<\/b> Unser Team von 60 Spezialisten arbeitet effizient und l\u00f6sungsorientiert.<\/span>\n\t\t\t\t\t\t\t\t\t<\/li>\n\t\t\t\t\t\t\t\t<li class=\"elementor-icon-list-item\">\n\t\t\t\t\t\t\t\t\t\t\t<span class=\"elementor-icon-list-icon\">\n\t\t\t\t\t\t\t<svg aria-hidden=\"true\" class=\"e-font-icon-svg e-fas-check-circle\" viewBox=\"0 0 512 512\" xmlns=\"http:\/\/www.w3.org\/2000\/svg\"><path d=\"M504 256c0 136.967-111.033 248-248 248S8 392.967 8 256 119.033 8 256 8s248 111.033 248 248zM227.314 387.314l184-184c6.248-6.248 6.248-16.379 0-22.627l-22.627-22.627c-6.248-6.249-16.379-6.249-22.628 0L216 308.118l-70.059-70.059c-6.248-6.248-16.379-6.248-22.628 0l-22.627 22.627c-6.248 6.248-6.248 16.379 0 22.627l104 104c6.249 6.249 16.379 6.249 22.628.001z\"><\/path><\/svg>\t\t\t\t\t\t<\/span>\n\t\t\t\t\t\t\t\t\t\t<span class=\"elementor-icon-list-text\"><b>Alles aus einer Hand:<\/b> Als Ihr Hauptauftragnehmer k\u00fcmmern wir uns um alle Aspekte Ihres Projekts.<\/span>\n\t\t\t\t\t\t\t\t\t<\/li>\n\t\t\t\t\t\t\t\t<li class=\"elementor-icon-list-item\">\n\t\t\t\t\t\t\t\t\t\t\t<span class=\"elementor-icon-list-icon\">\n\t\t\t\t\t\t\t<svg aria-hidden=\"true\" class=\"e-font-icon-svg e-fas-check-circle\" viewBox=\"0 0 512 512\" xmlns=\"http:\/\/www.w3.org\/2000\/svg\"><path d=\"M504 256c0 136.967-111.033 248-248 248S8 392.967 8 256 119.033 8 256 8s248 111.033 248 248zM227.314 387.314l184-184c6.248-6.248 6.248-16.379 0-22.627l-22.627-22.627c-6.248-6.249-16.379-6.249-22.628 0L216 308.118l-70.059-70.059c-6.248-6.248-16.379-6.248-22.628 0l-22.627 22.627c-6.248 6.248-6.248 16.379 0 22.627l104 104c6.249 6.249 16.379 6.249 22.628.001z\"><\/path><\/svg>\t\t\t\t\t\t<\/span>\n\t\t\t\t\t\t\t\t\t\t<span class=\"elementor-icon-list-text\"><b>Zukunftssichere Infrastruktur:<\/b> Wir schaffen die Basis f\u00fcr moderne Kommunikationstechnologien.<\/span>\n\t\t\t\t\t\t\t\t\t<\/li>\n\t\t\t\t\t\t<\/ul>\n\t\t\t\t\t\t<\/div>\n\t\t\t\t<\/div>\n\t\t\t\t<div class=\"elementor-element elementor-element-bfe09b0 elementor-align-left elementor-widget elementor-widget-button\" data-id=\"bfe09b0\" data-element_type=\"widget\" data-e-type=\"widget\" data-widget_type=\"button.default\">\n\t\t\t\t<div class=\"elementor-widget-container\">\n\t\t\t\t\t\t\t\t\t<div class=\"elementor-button-wrapper\">\n\t\t\t\t\t<a class=\"elementor-button elementor-button-link elementor-size-sm\" href=\"#\">\n\t\t\t\t\t\t<span class=\"elementor-button-content-wrapper\">\n\t\t\t\t\t\t\t\t\t<span class=\"elementor-button-text\">Kontakt aufnehmen<\/span>\n\t\t\t\t\t<\/span>\n\t\t\t\t\t<\/a>\n\t\t\t\t<\/div>\n\t\t\t\t\t\t\t\t<\/div>\n\t\t\t\t<\/div>\n\t\t\t\t<\/div>\n\t\t<div class=\"elementor-element elementor-element-ae8c2ad e-con-full e-flex e-con e-child\" data-id=\"ae8c2ad\" data-element_type=\"container\" data-e-type=\"container\">\n\t\t\t\t<div class=\"elementor-element elementor-element-ba410d5 elementor-widget elementor-widget-image\" data-id=\"ba410d5\" data-element_type=\"widget\" data-e-type=\"widget\" data-widget_type=\"image.default\">\n\t\t\t\t<div class=\"elementor-widget-container\">\n\t\t\t\t\t\t\t\t\t\t\t\t\t\t\t<img loading=\"lazy\" decoding=\"async\" width=\"800\" height=\"533\" src=\"https:\/\/obaprojecten.nl\/wp-content\/uploads\/2025\/01\/oba-projecten-infra-image-2.png\" class=\"attachment-large size-large wp-image-159\" alt=\"\" srcset=\"https:\/\/obaprojecten.nl\/wp-content\/uploads\/2025\/01\/oba-projecten-infra-image-2.png 900w, https:\/\/obaprojecten.nl\/wp-content\/uploads\/2025\/01\/oba-projecten-infra-image-2-300x200.png 300w, https:\/\/obaprojecten.nl\/wp-content\/uploads\/2025\/01\/oba-projecten-infra-image-2-768x512.png 768w\" sizes=\"(max-width: 800px) 100vw, 800px\" \/>\t\t\t\t\t\t\t\t\t\t\t\t\t\t\t<\/div>\n\t\t\t\t<\/div>\n\t\t\t\t<\/div>\n\t\t\t\t\t<\/div>\n\t\t\t\t<\/div>\n\t\t\t\t<\/div>\n\t\t","protected":false},"excerpt":{"rendered":"<p>Ihr Spezialist f\u00fcr Infrastruktur in den Niederlanden und Deutschland OBA Projects ist ein f\u00fchrender Spezialist f\u00fcr Infrastrukturprojekte mit Niederlassungen in den Niederlanden und Deutschland. Mit jahrelanger Erfahrung und einem Fokus auf Qualit\u00e4t und Innovation sind wir Ihr zuverl\u00e4ssiger Partner f\u00fcr komplexe Infrastrukturprojekte. Unser Fachwissen reicht von der Verlegung von unterirdischen Internetkabeln bis hin zur Bereitstellung [&hellip;]<\/p>\n","protected":false},"author":1,"featured_media":0,"parent":0,"menu_order":0,"comment_status":"closed","ping_status":"closed","template":"","meta":{"footnotes":""},"class_list":["post-290","page","type-page","status-publish","hentry"],"_links":{"self":[{"href":"https:\/\/obaprojecten.nl\/de\/wp-json\/wp\/v2\/pages\/290","targetHints":{"allow":["GET"]}}],"collection":[{"href":"https:\/\/obaprojecten.nl\/de\/wp-json\/wp\/v2\/pages"}],"about":[{"href":"https:\/\/obaprojecten.nl\/de\/wp-json\/wp\/v2\/types\/page"}],"author":[{"embeddable":true,"href":"https:\/\/obaprojecten.nl\/de\/wp-json\/wp\/v2\/users\/1"}],"replies":[{"embeddable":true,"href":"https:\/\/obaprojecten.nl\/de\/wp-json\/wp\/v2\/comments?post=290"}],"version-history":[{"count":2,"href":"https:\/\/obaprojecten.nl\/de\/wp-json\/wp\/v2\/pages\/290\/revisions"}],"predecessor-version":[{"id":332,"href":"https:\/\/obaprojecten.nl\/de\/wp-json\/wp\/v2\/pages\/290\/revisions\/332"}],"wp:attachment":[{"href":"https:\/\/obaprojecten.nl\/de\/wp-json\/wp\/v2\/media?parent=290"}],"curies":[{"name":"wp","href":"https:\/\/api.w.org\/{rel}","templated":true}]}}