{"id":294,"date":"2025-01-22T14:16:41","date_gmt":"2025-01-22T13:16:41","guid":{"rendered":"https:\/\/obaprojecten.nl\/projekte\/"},"modified":"2025-01-23T01:36:50","modified_gmt":"2025-01-23T00:36:50","slug":"projekte","status":"publish","type":"page","link":"https:\/\/obaprojecten.nl\/de\/projekte\/","title":{"rendered":"Projekte"},"content":{"rendered":"\t\t<div data-elementor-type=\"wp-page\" data-elementor-id=\"294\" class=\"elementor elementor-294 elementor-17\" data-elementor-post-type=\"page\">\n\t\t\t\t<div class=\"elementor-element elementor-element-95dbc8b e-flex e-con-boxed e-con e-parent\" data-id=\"95dbc8b\" data-element_type=\"container\" data-e-type=\"container\">\n\t\t\t\t\t<div class=\"e-con-inner\">\n\t\t<div class=\"elementor-element elementor-element-7ee693d e-con-full e-flex e-con e-child\" data-id=\"7ee693d\" data-element_type=\"container\" data-e-type=\"container\">\n\t\t\t\t<div class=\"elementor-element elementor-element-343edbb elementor-widget elementor-widget-heading\" data-id=\"343edbb\" data-element_type=\"widget\" data-e-type=\"widget\" data-widget_type=\"heading.default\">\n\t\t\t\t<div class=\"elementor-widget-container\">\n\t\t\t\t\t<h2 class=\"elementor-heading-title elementor-size-default\">Unsere Projekte<\/h2>\t\t\t\t<\/div>\n\t\t\t\t<\/div>\n\t\t\t\t<div class=\"elementor-element elementor-element-20d312d elementor-widget elementor-widget-text-editor\" data-id=\"20d312d\" data-element_type=\"widget\" data-e-type=\"widget\" data-widget_type=\"text-editor.default\">\n\t\t\t\t<div class=\"elementor-widget-container\">\n\t\t\t\t\t\t\t\t\t<p>Auf dieser Seite pr\u00e4sentieren wir Ihnen einen \u00dcberblick \u00fcber unsere abgeschlossenen Projekte im Bereich Infratechnologie. Dank unserer Erfahrung im Management komplexer Bauprojekte und der engen Zusammenarbeit mit unseren Kunden haben wir bereits mehrere erfolgreiche Ergebnisse erzielt. Jedes Projekt zeugt von unserer Professionalit\u00e4t, Innovation und unserem Engagement f\u00fcr Qualit\u00e4t. Finden Sie heraus, wie wir die Infrastruktur auf die n\u00e4chste Stufe bringen.<\/p>\n\t\t\t\t\t\t\t\t<\/div>\n\t\t\t\t<\/div>\n\t\t\t\t<\/div>\n\t\t<div class=\"elementor-element elementor-element-6922aef e-con-full e-flex e-con e-child\" data-id=\"6922aef\" data-element_type=\"container\" data-e-type=\"container\">\n\t\t\t\t<div class=\"elementor-element elementor-element-7985ec6 elementor-widget elementor-widget-image\" data-id=\"7985ec6\" data-element_type=\"widget\" data-e-type=\"widget\" data-widget_type=\"image.default\">\n\t\t\t\t<div class=\"elementor-widget-container\">\n\t\t\t\t\t\t\t\t\t\t\t\t\t\t\t<img fetchpriority=\"high\" decoding=\"async\" width=\"703\" height=\"694\" src=\"https:\/\/obaprojecten.nl\/wp-content\/uploads\/2025\/01\/Screenshot-2025-01-22-at-16.31.48.png\" class=\"attachment-large size-large wp-image-140\" alt=\"\" srcset=\"https:\/\/obaprojecten.nl\/wp-content\/uploads\/2025\/01\/Screenshot-2025-01-22-at-16.31.48.png 703w, https:\/\/obaprojecten.nl\/wp-content\/uploads\/2025\/01\/Screenshot-2025-01-22-at-16.31.48-300x296.png 300w\" sizes=\"(max-width: 703px) 100vw, 703px\" \/>\t\t\t\t\t\t\t\t\t\t\t\t\t\t\t<\/div>\n\t\t\t\t<\/div>\n\t\t\t\t<\/div>\n\t\t\t\t\t<\/div>\n\t\t\t\t<\/div>\n\t\t<div class=\"elementor-element elementor-element-caebdbb e-flex e-con-boxed e-con e-parent\" data-id=\"caebdbb\" data-element_type=\"container\" data-e-type=\"container\">\n\t\t\t\t\t<div class=\"e-con-inner\">\n\t\t\t\t<div class=\"elementor-element elementor-element-6256eca elementor-widget elementor-widget-gallery\" data-id=\"6256eca\" data-element_type=\"widget\" data-e-type=\"widget\" data-settings=\"{&quot;gallery_layout&quot;:&quot;masonry&quot;,&quot;lazyload&quot;:&quot;yes&quot;,&quot;columns&quot;:4,&quot;columns_tablet&quot;:2,&quot;columns_mobile&quot;:1,&quot;gap&quot;:{&quot;unit&quot;:&quot;px&quot;,&quot;size&quot;:10,&quot;sizes&quot;:[]},&quot;gap_tablet&quot;:{&quot;unit&quot;:&quot;px&quot;,&quot;size&quot;:10,&quot;sizes&quot;:[]},&quot;gap_mobile&quot;:{&quot;unit&quot;:&quot;px&quot;,&quot;size&quot;:10,&quot;sizes&quot;:[]},&quot;link_to&quot;:&quot;file&quot;,&quot;overlay_background&quot;:&quot;yes&quot;,&quot;content_hover_animation&quot;:&quot;fade-in&quot;}\" data-widget_type=\"gallery.default\">\n\t\t\t\t<div class=\"elementor-widget-container\">\n\t\t\t\t\t\t\t<div class=\"elementor-gallery__container\">\n\t\t\t\t\t\t\t<a class=\"e-gallery-item elementor-gallery-item elementor-animated-content\" href=\"https:\/\/obaprojecten.nl\/wp-content\/uploads\/2025\/01\/Screenshot-2025-01-22-at-16.31.48.png\" data-elementor-open-lightbox=\"yes\" data-elementor-lightbox-slideshow=\"6256eca\" data-elementor-lightbox-title=\"Screenshot 2025-01-22 at 16.31.48\" data-e-action-hash=\"#elementor-action%3Aaction%3Dlightbox%26settings%3DeyJpZCI6MTQwLCJ1cmwiOiJodHRwczpcL1wvb2JhcHJvamVjdGVuLm5sXC93cC1jb250ZW50XC91cGxvYWRzXC8yMDI1XC8wMVwvU2NyZWVuc2hvdC0yMDI1LTAxLTIyLWF0LTE2LjMxLjQ4LnBuZyIsInNsaWRlc2hvdyI6IjYyNTZlY2EifQ%3D%3D\">\n\t\t\t\t\t<div class=\"e-gallery-image elementor-gallery-item__image\" data-thumbnail=\"https:\/\/obaprojecten.nl\/wp-content\/uploads\/2025\/01\/Screenshot-2025-01-22-at-16.31.48.png\" data-width=\"703\" data-height=\"694\" aria-label=\"\" role=\"img\" ><\/div>\n\t\t\t\t\t\t\t\t\t\t\t<div class=\"elementor-gallery-item__overlay\"><\/div>\n\t\t\t\t\t\t\t\t\t\t\t\t\t\t<\/a>\n\t\t\t\t\t\t\t<a class=\"e-gallery-item elementor-gallery-item elementor-animated-content\" href=\"https:\/\/obaprojecten.nl\/wp-content\/uploads\/2025\/01\/whatsapp-image-2024-11-28-at-17-03-28-high.webp\" data-elementor-open-lightbox=\"yes\" data-elementor-lightbox-slideshow=\"6256eca\" data-elementor-lightbox-title=\"whatsapp-image-2024-11-28-at-17-03-28-high\" data-e-action-hash=\"#elementor-action%3Aaction%3Dlightbox%26settings%3DeyJpZCI6ODgsInVybCI6Imh0dHBzOlwvXC9vYmFwcm9qZWN0ZW4ubmxcL3dwLWNvbnRlbnRcL3VwbG9hZHNcLzIwMjVcLzAxXC93aGF0c2FwcC1pbWFnZS0yMDI0LTExLTI4LWF0LTE3LTAzLTI4LWhpZ2gud2VicCIsInNsaWRlc2hvdyI6IjYyNTZlY2EifQ%3D%3D\">\n\t\t\t\t\t<div class=\"e-gallery-image elementor-gallery-item__image\" data-thumbnail=\"https:\/\/obaprojecten.nl\/wp-content\/uploads\/2025\/01\/whatsapp-image-2024-11-28-at-17-03-28-high.webp\" data-width=\"340\" data-height=\"408\" aria-label=\"\" role=\"img\" ><\/div>\n\t\t\t\t\t\t\t\t\t\t\t<div class=\"elementor-gallery-item__overlay\"><\/div>\n\t\t\t\t\t\t\t\t\t\t\t\t\t\t<\/a>\n\t\t\t\t\t\t\t<a class=\"e-gallery-item elementor-gallery-item elementor-animated-content\" href=\"https:\/\/obaprojecten.nl\/wp-content\/uploads\/2025\/01\/whatsapp-image-2024-11-28-at-17-05-52-high.webp\" data-elementor-open-lightbox=\"yes\" data-elementor-lightbox-slideshow=\"6256eca\" data-elementor-lightbox-title=\"whatsapp-image-2024-11-28-at-17-05-52-high\" data-e-action-hash=\"#elementor-action%3Aaction%3Dlightbox%26settings%3DeyJpZCI6ODYsInVybCI6Imh0dHBzOlwvXC9vYmFwcm9qZWN0ZW4ubmxcL3dwLWNvbnRlbnRcL3VwbG9hZHNcLzIwMjVcLzAxXC93aGF0c2FwcC1pbWFnZS0yMDI0LTExLTI4LWF0LTE3LTA1LTUyLWhpZ2gud2VicCIsInNsaWRlc2hvdyI6IjYyNTZlY2EifQ%3D%3D\">\n\t\t\t\t\t<div class=\"e-gallery-image elementor-gallery-item__image\" data-thumbnail=\"https:\/\/obaprojecten.nl\/wp-content\/uploads\/2025\/01\/whatsapp-image-2024-11-28-at-17-05-52-high.webp\" data-width=\"340\" data-height=\"408\" aria-label=\"\" role=\"img\" ><\/div>\n\t\t\t\t\t\t\t\t\t\t\t<div class=\"elementor-gallery-item__overlay\"><\/div>\n\t\t\t\t\t\t\t\t\t\t\t\t\t\t<\/a>\n\t\t\t\t\t\t\t<a class=\"e-gallery-item elementor-gallery-item elementor-animated-content\" href=\"https:\/\/obaprojecten.nl\/wp-content\/uploads\/2025\/01\/whatsapp-image-2024-11-28-at-17-04-48-high.webp\" data-elementor-open-lightbox=\"yes\" data-elementor-lightbox-slideshow=\"6256eca\" data-elementor-lightbox-title=\"whatsapp-image-2024-11-28-at-17-04-48-high\" data-e-action-hash=\"#elementor-action%3Aaction%3Dlightbox%26settings%3DeyJpZCI6NzcsInVybCI6Imh0dHBzOlwvXC9vYmFwcm9qZWN0ZW4ubmxcL3dwLWNvbnRlbnRcL3VwbG9hZHNcLzIwMjVcLzAxXC93aGF0c2FwcC1pbWFnZS0yMDI0LTExLTI4LWF0LTE3LTA0LTQ4LWhpZ2gud2VicCIsInNsaWRlc2hvdyI6IjYyNTZlY2EifQ%3D%3D\">\n\t\t\t\t\t<div class=\"e-gallery-image elementor-gallery-item__image\" data-thumbnail=\"https:\/\/obaprojecten.nl\/wp-content\/uploads\/2025\/01\/whatsapp-image-2024-11-28-at-17-04-48-high.webp\" data-width=\"340\" data-height=\"408\" aria-label=\"\" role=\"img\" ><\/div>\n\t\t\t\t\t\t\t\t\t\t\t<div class=\"elementor-gallery-item__overlay\"><\/div>\n\t\t\t\t\t\t\t\t\t\t\t\t\t\t<\/a>\n\t\t\t\t\t\t\t<a class=\"e-gallery-item elementor-gallery-item elementor-animated-content\" href=\"https:\/\/obaprojecten.nl\/wp-content\/uploads\/2025\/01\/WhatsApp-Image-2025-01-21-at-14.49.12.jpeg\" data-elementor-open-lightbox=\"yes\" data-elementor-lightbox-slideshow=\"6256eca\" data-elementor-lightbox-title=\"WhatsApp Image 2025-01-21 at 14.49.12\" data-e-action-hash=\"#elementor-action%3Aaction%3Dlightbox%26settings%3DeyJpZCI6MTY1LCJ1cmwiOiJodHRwczpcL1wvb2JhcHJvamVjdGVuLm5sXC93cC1jb250ZW50XC91cGxvYWRzXC8yMDI1XC8wMVwvV2hhdHNBcHAtSW1hZ2UtMjAyNS0wMS0yMS1hdC0xNC40OS4xMi5qcGVnIiwic2xpZGVzaG93IjoiNjI1NmVjYSJ9\">\n\t\t\t\t\t<div class=\"e-gallery-image elementor-gallery-item__image\" data-thumbnail=\"https:\/\/obaprojecten.nl\/wp-content\/uploads\/2025\/01\/WhatsApp-Image-2025-01-21-at-14.49.12-1152x1536.jpeg\" data-width=\"1152\" data-height=\"1536\" aria-label=\"\" role=\"img\" ><\/div>\n\t\t\t\t\t\t\t\t\t\t\t<div class=\"elementor-gallery-item__overlay\"><\/div>\n\t\t\t\t\t\t\t\t\t\t\t\t\t\t<\/a>\n\t\t\t\t\t\t\t<a class=\"e-gallery-item elementor-gallery-item elementor-animated-content\" href=\"https:\/\/obaprojecten.nl\/wp-content\/uploads\/2025\/01\/WhatsApp-Image-2025-01-21-at-14.49.03.jpeg\" data-elementor-open-lightbox=\"yes\" data-elementor-lightbox-slideshow=\"6256eca\" data-elementor-lightbox-title=\"WhatsApp Image 2025-01-21 at 14.49.03\" data-e-action-hash=\"#elementor-action%3Aaction%3Dlightbox%26settings%3DeyJpZCI6MTY3LCJ1cmwiOiJodHRwczpcL1wvb2JhcHJvamVjdGVuLm5sXC93cC1jb250ZW50XC91cGxvYWRzXC8yMDI1XC8wMVwvV2hhdHNBcHAtSW1hZ2UtMjAyNS0wMS0yMS1hdC0xNC40OS4wMy5qcGVnIiwic2xpZGVzaG93IjoiNjI1NmVjYSJ9\">\n\t\t\t\t\t<div class=\"e-gallery-image elementor-gallery-item__image\" data-thumbnail=\"https:\/\/obaprojecten.nl\/wp-content\/uploads\/2025\/01\/WhatsApp-Image-2025-01-21-at-14.49.03-1152x1536.jpeg\" data-width=\"1152\" data-height=\"1536\" aria-label=\"\" role=\"img\" ><\/div>\n\t\t\t\t\t\t\t\t\t\t\t<div class=\"elementor-gallery-item__overlay\"><\/div>\n\t\t\t\t\t\t\t\t\t\t\t\t\t\t<\/a>\n\t\t\t\t\t\t\t<a class=\"e-gallery-item elementor-gallery-item elementor-animated-content\" href=\"https:\/\/obaprojecten.nl\/wp-content\/uploads\/2025\/01\/WhatsApp-Image-2025-01-21-at-14.49.02-1.jpeg\" data-elementor-open-lightbox=\"yes\" data-elementor-lightbox-slideshow=\"6256eca\" data-elementor-lightbox-title=\"WhatsApp Image 2025-01-21 at 14.49.02 (1)\" data-e-action-hash=\"#elementor-action%3Aaction%3Dlightbox%26settings%3DeyJpZCI6MTY5LCJ1cmwiOiJodHRwczpcL1wvb2JhcHJvamVjdGVuLm5sXC93cC1jb250ZW50XC91cGxvYWRzXC8yMDI1XC8wMVwvV2hhdHNBcHAtSW1hZ2UtMjAyNS0wMS0yMS1hdC0xNC40OS4wMi0xLmpwZWciLCJzbGlkZXNob3ciOiI2MjU2ZWNhIn0%3D\">\n\t\t\t\t\t<div class=\"e-gallery-image elementor-gallery-item__image\" data-thumbnail=\"https:\/\/obaprojecten.nl\/wp-content\/uploads\/2025\/01\/WhatsApp-Image-2025-01-21-at-14.49.02-1-1152x1536.jpeg\" data-width=\"1152\" data-height=\"1536\" aria-label=\"\" role=\"img\" ><\/div>\n\t\t\t\t\t\t\t\t\t\t\t<div class=\"elementor-gallery-item__overlay\"><\/div>\n\t\t\t\t\t\t\t\t\t\t\t\t\t\t<\/a>\n\t\t\t\t\t\t\t<a class=\"e-gallery-item elementor-gallery-item elementor-animated-content\" href=\"https:\/\/obaprojecten.nl\/wp-content\/uploads\/2025\/01\/WhatsApp-Image-2025-01-21-at-14.49.02.jpeg\" data-elementor-open-lightbox=\"yes\" data-elementor-lightbox-slideshow=\"6256eca\" data-elementor-lightbox-title=\"WhatsApp Image 2025-01-21 at 14.49.02\" data-e-action-hash=\"#elementor-action%3Aaction%3Dlightbox%26settings%3DeyJpZCI6MTcxLCJ1cmwiOiJodHRwczpcL1wvb2JhcHJvamVjdGVuLm5sXC93cC1jb250ZW50XC91cGxvYWRzXC8yMDI1XC8wMVwvV2hhdHNBcHAtSW1hZ2UtMjAyNS0wMS0yMS1hdC0xNC40OS4wMi5qcGVnIiwic2xpZGVzaG93IjoiNjI1NmVjYSJ9\">\n\t\t\t\t\t<div class=\"e-gallery-image elementor-gallery-item__image\" data-thumbnail=\"https:\/\/obaprojecten.nl\/wp-content\/uploads\/2025\/01\/WhatsApp-Image-2025-01-21-at-14.49.02-1152x1536.jpeg\" data-width=\"1152\" data-height=\"1536\" aria-label=\"\" role=\"img\" ><\/div>\n\t\t\t\t\t\t\t\t\t\t\t<div class=\"elementor-gallery-item__overlay\"><\/div>\n\t\t\t\t\t\t\t\t\t\t\t\t\t\t<\/a>\n\t\t\t\t\t\t\t<a class=\"e-gallery-item elementor-gallery-item elementor-animated-content\" href=\"https:\/\/obaprojecten.nl\/wp-content\/uploads\/2025\/01\/WhatsApp-Image-2025-01-21-at-14.47.22.jpeg\" data-elementor-open-lightbox=\"yes\" data-elementor-lightbox-slideshow=\"6256eca\" data-elementor-lightbox-title=\"WhatsApp Image 2025-01-21 at 14.47.22\" data-e-action-hash=\"#elementor-action%3Aaction%3Dlightbox%26settings%3DeyJpZCI6MTczLCJ1cmwiOiJodHRwczpcL1wvb2JhcHJvamVjdGVuLm5sXC93cC1jb250ZW50XC91cGxvYWRzXC8yMDI1XC8wMVwvV2hhdHNBcHAtSW1hZ2UtMjAyNS0wMS0yMS1hdC0xNC40Ny4yMi5qcGVnIiwic2xpZGVzaG93IjoiNjI1NmVjYSJ9\">\n\t\t\t\t\t<div class=\"e-gallery-image elementor-gallery-item__image\" data-thumbnail=\"https:\/\/obaprojecten.nl\/wp-content\/uploads\/2025\/01\/WhatsApp-Image-2025-01-21-at-14.47.22-1152x1536.jpeg\" data-width=\"1152\" data-height=\"1536\" aria-label=\"\" role=\"img\" ><\/div>\n\t\t\t\t\t\t\t\t\t\t\t<div class=\"elementor-gallery-item__overlay\"><\/div>\n\t\t\t\t\t\t\t\t\t\t\t\t\t\t<\/a>\n\t\t\t\t\t\t\t<a class=\"e-gallery-item elementor-gallery-item elementor-animated-content\" href=\"https:\/\/obaprojecten.nl\/wp-content\/uploads\/2025\/01\/Screenshot-2025-01-22-at-16.57.24.png\" data-elementor-open-lightbox=\"yes\" data-elementor-lightbox-slideshow=\"6256eca\" data-elementor-lightbox-title=\"Screenshot 2025-01-22 at 16.57.24\" data-e-action-hash=\"#elementor-action%3Aaction%3Dlightbox%26settings%3DeyJpZCI6MTc1LCJ1cmwiOiJodHRwczpcL1wvb2JhcHJvamVjdGVuLm5sXC93cC1jb250ZW50XC91cGxvYWRzXC8yMDI1XC8wMVwvU2NyZWVuc2hvdC0yMDI1LTAxLTIyLWF0LTE2LjU3LjI0LnBuZyIsInNsaWRlc2hvdyI6IjYyNTZlY2EifQ%3D%3D\">\n\t\t\t\t\t<div class=\"e-gallery-image elementor-gallery-item__image\" data-thumbnail=\"https:\/\/obaprojecten.nl\/wp-content\/uploads\/2025\/01\/Screenshot-2025-01-22-at-16.57.24.png\" data-width=\"408\" data-height=\"653\" aria-label=\"\" role=\"img\" ><\/div>\n\t\t\t\t\t\t\t\t\t\t\t<div class=\"elementor-gallery-item__overlay\"><\/div>\n\t\t\t\t\t\t\t\t\t\t\t\t\t\t<\/a>\n\t\t\t\t\t\t\t<a class=\"e-gallery-item elementor-gallery-item elementor-animated-content\" href=\"https:\/\/obaprojecten.nl\/wp-content\/uploads\/2025\/01\/Screenshot-2025-01-22-at-16.57.00.png\" data-elementor-open-lightbox=\"yes\" data-elementor-lightbox-slideshow=\"6256eca\" data-elementor-lightbox-title=\"Screenshot 2025-01-22 at 16.57.00\" data-e-action-hash=\"#elementor-action%3Aaction%3Dlightbox%26settings%3DeyJpZCI6MTc3LCJ1cmwiOiJodHRwczpcL1wvb2JhcHJvamVjdGVuLm5sXC93cC1jb250ZW50XC91cGxvYWRzXC8yMDI1XC8wMVwvU2NyZWVuc2hvdC0yMDI1LTAxLTIyLWF0LTE2LjU3LjAwLnBuZyIsInNsaWRlc2hvdyI6IjYyNTZlY2EifQ%3D%3D\">\n\t\t\t\t\t<div class=\"e-gallery-image elementor-gallery-item__image\" data-thumbnail=\"https:\/\/obaprojecten.nl\/wp-content\/uploads\/2025\/01\/Screenshot-2025-01-22-at-16.57.00.png\" data-width=\"411\" data-height=\"711\" aria-label=\"\" role=\"img\" ><\/div>\n\t\t\t\t\t\t\t\t\t\t\t<div class=\"elementor-gallery-item__overlay\"><\/div>\n\t\t\t\t\t\t\t\t\t\t\t\t\t\t<\/a>\n\t\t\t\t\t\t\t<a class=\"e-gallery-item elementor-gallery-item elementor-animated-content\" href=\"https:\/\/obaprojecten.nl\/wp-content\/uploads\/2025\/01\/Screenshot-2025-01-22-at-16.56.49.png\" data-elementor-open-lightbox=\"yes\" data-elementor-lightbox-slideshow=\"6256eca\" data-elementor-lightbox-title=\"Screenshot 2025-01-22 at 16.56.49\" data-e-action-hash=\"#elementor-action%3Aaction%3Dlightbox%26settings%3DeyJpZCI6MTc5LCJ1cmwiOiJodHRwczpcL1wvb2JhcHJvamVjdGVuLm5sXC93cC1jb250ZW50XC91cGxvYWRzXC8yMDI1XC8wMVwvU2NyZWVuc2hvdC0yMDI1LTAxLTIyLWF0LTE2LjU2LjQ5LnBuZyIsInNsaWRlc2hvdyI6IjYyNTZlY2EifQ%3D%3D\">\n\t\t\t\t\t<div class=\"e-gallery-image elementor-gallery-item__image\" data-thumbnail=\"https:\/\/obaprojecten.nl\/wp-content\/uploads\/2025\/01\/Screenshot-2025-01-22-at-16.56.49.png\" data-width=\"414\" data-height=\"662\" aria-label=\"\" role=\"img\" ><\/div>\n\t\t\t\t\t\t\t\t\t\t\t<div class=\"elementor-gallery-item__overlay\"><\/div>\n\t\t\t\t\t\t\t\t\t\t\t\t\t\t<\/a>\n\t\t\t\t\t\t\t<a class=\"e-gallery-item elementor-gallery-item elementor-animated-content\" href=\"https:\/\/obaprojecten.nl\/wp-content\/uploads\/2025\/01\/Screenshot-2025-01-22-at-16.56.43.png\" data-elementor-open-lightbox=\"yes\" data-elementor-lightbox-slideshow=\"6256eca\" data-elementor-lightbox-title=\"Screenshot 2025-01-22 at 16.56.43\" data-e-action-hash=\"#elementor-action%3Aaction%3Dlightbox%26settings%3DeyJpZCI6MTgxLCJ1cmwiOiJodHRwczpcL1wvb2JhcHJvamVjdGVuLm5sXC93cC1jb250ZW50XC91cGxvYWRzXC8yMDI1XC8wMVwvU2NyZWVuc2hvdC0yMDI1LTAxLTIyLWF0LTE2LjU2LjQzLnBuZyIsInNsaWRlc2hvdyI6IjYyNTZlY2EifQ%3D%3D\">\n\t\t\t\t\t<div class=\"e-gallery-image elementor-gallery-item__image\" data-thumbnail=\"https:\/\/obaprojecten.nl\/wp-content\/uploads\/2025\/01\/Screenshot-2025-01-22-at-16.56.43.png\" data-width=\"408\" data-height=\"679\" aria-label=\"\" role=\"img\" ><\/div>\n\t\t\t\t\t\t\t\t\t\t\t<div class=\"elementor-gallery-item__overlay\"><\/div>\n\t\t\t\t\t\t\t\t\t\t\t\t\t\t<\/a>\n\t\t\t\t\t\t\t<a class=\"e-gallery-item elementor-gallery-item elementor-animated-content\" href=\"https:\/\/obaprojecten.nl\/wp-content\/uploads\/2025\/01\/Screenshot-2025-01-22-at-16.56.32.png\" data-elementor-open-lightbox=\"yes\" data-elementor-lightbox-slideshow=\"6256eca\" data-elementor-lightbox-title=\"Screenshot 2025-01-22 at 16.56.32\" data-e-action-hash=\"#elementor-action%3Aaction%3Dlightbox%26settings%3DeyJpZCI6MTgzLCJ1cmwiOiJodHRwczpcL1wvb2JhcHJvamVjdGVuLm5sXC93cC1jb250ZW50XC91cGxvYWRzXC8yMDI1XC8wMVwvU2NyZWVuc2hvdC0yMDI1LTAxLTIyLWF0LTE2LjU2LjMyLnBuZyIsInNsaWRlc2hvdyI6IjYyNTZlY2EifQ%3D%3D\">\n\t\t\t\t\t<div class=\"e-gallery-image elementor-gallery-item__image\" data-thumbnail=\"https:\/\/obaprojecten.nl\/wp-content\/uploads\/2025\/01\/Screenshot-2025-01-22-at-16.56.32.png\" data-width=\"402\" data-height=\"653\" aria-label=\"\" role=\"img\" ><\/div>\n\t\t\t\t\t\t\t\t\t\t\t<div class=\"elementor-gallery-item__overlay\"><\/div>\n\t\t\t\t\t\t\t\t\t\t\t\t\t\t<\/a>\n\t\t\t\t\t\t\t<a class=\"e-gallery-item elementor-gallery-item elementor-animated-content\" href=\"https:\/\/obaprojecten.nl\/wp-content\/uploads\/2025\/01\/Screenshot-2025-01-22-at-16.56.16.png\" data-elementor-open-lightbox=\"yes\" data-elementor-lightbox-slideshow=\"6256eca\" data-elementor-lightbox-title=\"Screenshot 2025-01-22 at 16.56.16\" data-e-action-hash=\"#elementor-action%3Aaction%3Dlightbox%26settings%3DeyJpZCI6MTg1LCJ1cmwiOiJodHRwczpcL1wvb2JhcHJvamVjdGVuLm5sXC93cC1jb250ZW50XC91cGxvYWRzXC8yMDI1XC8wMVwvU2NyZWVuc2hvdC0yMDI1LTAxLTIyLWF0LTE2LjU2LjE2LnBuZyIsInNsaWRlc2hvdyI6IjYyNTZlY2EifQ%3D%3D\">\n\t\t\t\t\t<div class=\"e-gallery-image elementor-gallery-item__image\" data-thumbnail=\"https:\/\/obaprojecten.nl\/wp-content\/uploads\/2025\/01\/Screenshot-2025-01-22-at-16.56.16.png\" data-width=\"423\" data-height=\"714\" aria-label=\"\" role=\"img\" ><\/div>\n\t\t\t\t\t\t\t\t\t\t\t<div class=\"elementor-gallery-item__overlay\"><\/div>\n\t\t\t\t\t\t\t\t\t\t\t\t\t\t<\/a>\n\t\t\t\t\t<\/div>\n\t\t\t\t\t<\/div>\n\t\t\t\t<\/div>\n\t\t\t\t\t<\/div>\n\t\t\t\t<\/div>\n\t\t\t\t<\/div>\n\t\t","protected":false},"excerpt":{"rendered":"<p>Unsere Projekte Auf dieser Seite pr\u00e4sentieren wir Ihnen einen \u00dcberblick \u00fcber unsere abgeschlossenen Projekte im Bereich Infratechnologie. Dank unserer Erfahrung im Management komplexer Bauprojekte und der engen Zusammenarbeit mit unseren Kunden haben wir bereits mehrere erfolgreiche Ergebnisse erzielt. Jedes Projekt zeugt von unserer Professionalit\u00e4t, Innovation und unserem Engagement f\u00fcr Qualit\u00e4t. Finden Sie heraus, wie wir [&hellip;]<\/p>\n","protected":false},"author":1,"featured_media":0,"parent":0,"menu_order":0,"comment_status":"closed","ping_status":"closed","template":"","meta":{"footnotes":""},"class_list":["post-294","page","type-page","status-publish","hentry"],"_links":{"self":[{"href":"https:\/\/obaprojecten.nl\/de\/wp-json\/wp\/v2\/pages\/294","targetHints":{"allow":["GET"]}}],"collection":[{"href":"https:\/\/obaprojecten.nl\/de\/wp-json\/wp\/v2\/pages"}],"about":[{"href":"https:\/\/obaprojecten.nl\/de\/wp-json\/wp\/v2\/types\/page"}],"author":[{"embeddable":true,"href":"https:\/\/obaprojecten.nl\/de\/wp-json\/wp\/v2\/users\/1"}],"replies":[{"embeddable":true,"href":"https:\/\/obaprojecten.nl\/de\/wp-json\/wp\/v2\/comments?post=294"}],"version-history":[{"count":1,"href":"https:\/\/obaprojecten.nl\/de\/wp-json\/wp\/v2\/pages\/294\/revisions"}],"predecessor-version":[{"id":295,"href":"https:\/\/obaprojecten.nl\/de\/wp-json\/wp\/v2\/pages\/294\/revisions\/295"}],"wp:attachment":[{"href":"https:\/\/obaprojecten.nl\/de\/wp-json\/wp\/v2\/media?parent=294"}],"curies":[{"name":"wp","href":"https:\/\/api.w.org\/{rel}","templated":true}]}}