{"id":296,"date":"2025-01-22T14:17:05","date_gmt":"2025-01-22T13:17:05","guid":{"rendered":"https:\/\/obaprojecten.nl\/kontakt\/"},"modified":"2025-01-23T01:39:50","modified_gmt":"2025-01-23T00:39:50","slug":"kontakt","status":"publish","type":"page","link":"https:\/\/obaprojecten.nl\/de\/kontakt\/","title":{"rendered":"Kontakt"},"content":{"rendered":"\t\t<div data-elementor-type=\"wp-page\" data-elementor-id=\"296\" class=\"elementor elementor-296 elementor-23\" data-elementor-post-type=\"page\">\n\t\t\t\t<div class=\"elementor-element elementor-element-9c761dc e-flex e-con-boxed e-con e-parent\" data-id=\"9c761dc\" data-element_type=\"container\" data-e-type=\"container\">\n\t\t\t\t\t<div class=\"e-con-inner\">\n\t\t<div class=\"elementor-element elementor-element-386f3c6 e-con-full e-flex e-con e-child\" data-id=\"386f3c6\" data-element_type=\"container\" data-e-type=\"container\">\n\t\t\t\t<div class=\"elementor-element elementor-element-7e9b75b elementor-widget elementor-widget-heading\" data-id=\"7e9b75b\" data-element_type=\"widget\" data-e-type=\"widget\" data-widget_type=\"heading.default\">\n\t\t\t\t<div class=\"elementor-widget-container\">\n\t\t\t\t\t<h2 class=\"elementor-heading-title elementor-size-default\">Kontaktieren Sie uns<\/h2>\t\t\t\t<\/div>\n\t\t\t\t<\/div>\n\t\t\t\t<div class=\"elementor-element elementor-element-ea7bcf5 elementor-widget elementor-widget-text-editor\" data-id=\"ea7bcf5\" data-element_type=\"widget\" data-e-type=\"widget\" data-widget_type=\"text-editor.default\">\n\t\t\t\t<div class=\"elementor-widget-container\">\n\t\t\t\t\t\t\t\t\t<p>Haben Sie Fragen oder m\u00f6chten Sie mehr \u00fcber unsere Dienstleistungen erfahren? Sie k\u00f6nnen uns gerne kontaktieren. Unser Team ist bereit, Ihnen weiterzuhelfen! F\u00fcllen Sie das Kontaktformular aus oder verwenden Sie die unten stehenden Angaben, um uns direkt zu erreichen.<\/p>\n\t\t\t\t\t\t\t\t<\/div>\n\t\t\t\t<\/div>\n\t\t\t\t<div class=\"elementor-element elementor-element-2f2e47a elementor-widget elementor-widget-heading\" data-id=\"2f2e47a\" data-element_type=\"widget\" data-e-type=\"widget\" data-widget_type=\"heading.default\">\n\t\t\t\t<div class=\"elementor-widget-container\">\n\t\t\t\t\t<h2 class=\"elementor-heading-title elementor-size-default\">Niederlande<\/h2>\t\t\t\t<\/div>\n\t\t\t\t<\/div>\n\t\t\t\t<div class=\"elementor-element elementor-element-0ff7565 elementor-icon-list--layout-traditional elementor-list-item-link-full_width elementor-widget elementor-widget-icon-list\" data-id=\"0ff7565\" data-element_type=\"widget\" data-e-type=\"widget\" data-widget_type=\"icon-list.default\">\n\t\t\t\t<div class=\"elementor-widget-container\">\n\t\t\t\t\t\t\t<ul class=\"elementor-icon-list-items\">\n\t\t\t\t\t\t\t<li class=\"elementor-icon-list-item\">\n\t\t\t\t\t\t\t\t\t\t\t<span class=\"elementor-icon-list-icon\">\n\t\t\t\t\t\t\t<svg xmlns=\"http:\/\/www.w3.org\/2000\/svg\" id=\"flag-icons-nl\" viewBox=\"0 0 640 480\"><path fill=\"#ae1c28\" d=\"M0 0h640v160H0z\"><\/path><path fill=\"#fff\" d=\"M0 160h640v160H0z\"><\/path><path fill=\"#21468b\" d=\"M0 320h640v160H0z\"><\/path><\/svg>\t\t\t\t\t\t<\/span>\n\t\t\t\t\t\t\t\t\t\t<span class=\"elementor-icon-list-text\"><b>OBA Projects B.V.<\/b><\/span>\n\t\t\t\t\t\t\t\t\t<\/li>\n\t\t\t\t\t\t\t\t<li class=\"elementor-icon-list-item\">\n\t\t\t\t\t\t\t\t\t\t<span class=\"elementor-icon-list-text\">Vaillantlaan 154<br>2526 HP Den Haag<br>Niederlande<br>Tel: +31 (0)6 143 434 14<\/span>\n\t\t\t\t\t\t\t\t\t<\/li>\n\t\t\t\t\t\t<\/ul>\n\t\t\t\t\t\t<\/div>\n\t\t\t\t<\/div>\n\t\t\t\t<div class=\"elementor-element elementor-element-a84afde elementor-widget elementor-widget-heading\" data-id=\"a84afde\" data-element_type=\"widget\" data-e-type=\"widget\" data-widget_type=\"heading.default\">\n\t\t\t\t<div class=\"elementor-widget-container\">\n\t\t\t\t\t<h2 class=\"elementor-heading-title elementor-size-default\">Deutschland<\/h2>\t\t\t\t<\/div>\n\t\t\t\t<\/div>\n\t\t\t\t<div class=\"elementor-element elementor-element-8a84e5d elementor-icon-list--layout-traditional elementor-list-item-link-full_width elementor-widget elementor-widget-icon-list\" data-id=\"8a84e5d\" data-element_type=\"widget\" data-e-type=\"widget\" data-widget_type=\"icon-list.default\">\n\t\t\t\t<div class=\"elementor-widget-container\">\n\t\t\t\t\t\t\t<ul class=\"elementor-icon-list-items\">\n\t\t\t\t\t\t\t<li class=\"elementor-icon-list-item\">\n\t\t\t\t\t\t\t\t\t\t\t<span class=\"elementor-icon-list-icon\">\n\t\t\t\t\t\t\t<svg xmlns=\"http:\/\/www.w3.org\/2000\/svg\" id=\"flag-icons-de\" viewBox=\"0 0 640 480\"><path fill=\"#fc0\" d=\"M0 320h640v160H0z\"><\/path><path fill=\"#000001\" d=\"M0 0h640v160H0z\"><\/path><path fill=\"red\" d=\"M0 160h640v160H0z\"><\/path><\/svg>\t\t\t\t\t\t<\/span>\n\t\t\t\t\t\t\t\t\t\t<span class=\"elementor-icon-list-text\"><b>OBA Projekte lnfratechnik GmbH<\/b><\/span>\n\t\t\t\t\t\t\t\t\t<\/li>\n\t\t\t\t\t\t\t\t<li class=\"elementor-icon-list-item\">\n\t\t\t\t\t\t\t\t\t\t<span class=\"elementor-icon-list-text\">Gro\u00dfer Markt 9<br>47533 Kleve<br>Deutschland<br>Tel: +31 (0)6 143 434 14<\/span>\n\t\t\t\t\t\t\t\t\t<\/li>\n\t\t\t\t\t\t<\/ul>\n\t\t\t\t\t\t<\/div>\n\t\t\t\t<\/div>\n\t\t\t\t<\/div>\n\t\t<div class=\"elementor-element elementor-element-118bc30 e-con-full e-flex e-con e-child\" data-id=\"118bc30\" data-element_type=\"container\" data-e-type=\"container\">\n\t\t\t\t<div class=\"elementor-element elementor-element-ccda746 elementor-widget elementor-widget-image\" data-id=\"ccda746\" data-element_type=\"widget\" data-e-type=\"widget\" data-widget_type=\"image.default\">\n\t\t\t\t<div class=\"elementor-widget-container\">\n\t\t\t\t\t\t\t\t\t\t\t\t\t\t\t<img fetchpriority=\"high\" decoding=\"async\" width=\"340\" height=\"408\" src=\"https:\/\/obaprojecten.nl\/wp-content\/uploads\/2025\/01\/whatsapp-image-2024-11-28-at-17-04-48-high-1.webp\" class=\"attachment-large size-large wp-image-226\" alt=\"\" srcset=\"https:\/\/obaprojecten.nl\/wp-content\/uploads\/2025\/01\/whatsapp-image-2024-11-28-at-17-04-48-high-1.webp 340w, https:\/\/obaprojecten.nl\/wp-content\/uploads\/2025\/01\/whatsapp-image-2024-11-28-at-17-04-48-high-1-250x300.webp 250w\" sizes=\"(max-width: 340px) 100vw, 340px\" \/>\t\t\t\t\t\t\t\t\t\t\t\t\t\t\t<\/div>\n\t\t\t\t<\/div>\n\t\t\t\t<\/div>\n\t\t\t\t\t<\/div>\n\t\t\t\t<\/div>\n\t\t\t\t<\/div>\n\t\t","protected":false},"excerpt":{"rendered":"<p>Kontaktieren Sie uns Haben Sie Fragen oder m\u00f6chten Sie mehr \u00fcber unsere Dienstleistungen erfahren? Sie k\u00f6nnen uns gerne kontaktieren. Unser Team ist bereit, Ihnen weiterzuhelfen! F\u00fcllen Sie das Kontaktformular aus oder verwenden Sie die unten stehenden Angaben, um uns direkt zu erreichen. Niederlande OBA Projects B.V. Vaillantlaan 1542526 HP Den HaagNiederlandeTel: +31 (0)6 143 434 [&hellip;]<\/p>\n","protected":false},"author":1,"featured_media":0,"parent":0,"menu_order":0,"comment_status":"closed","ping_status":"closed","template":"","meta":{"footnotes":""},"class_list":["post-296","page","type-page","status-publish","hentry"],"_links":{"self":[{"href":"https:\/\/obaprojecten.nl\/de\/wp-json\/wp\/v2\/pages\/296","targetHints":{"allow":["GET"]}}],"collection":[{"href":"https:\/\/obaprojecten.nl\/de\/wp-json\/wp\/v2\/pages"}],"about":[{"href":"https:\/\/obaprojecten.nl\/de\/wp-json\/wp\/v2\/types\/page"}],"author":[{"embeddable":true,"href":"https:\/\/obaprojecten.nl\/de\/wp-json\/wp\/v2\/users\/1"}],"replies":[{"embeddable":true,"href":"https:\/\/obaprojecten.nl\/de\/wp-json\/wp\/v2\/comments?post=296"}],"version-history":[{"count":3,"href":"https:\/\/obaprojecten.nl\/de\/wp-json\/wp\/v2\/pages\/296\/revisions"}],"predecessor-version":[{"id":299,"href":"https:\/\/obaprojecten.nl\/de\/wp-json\/wp\/v2\/pages\/296\/revisions\/299"}],"wp:attachment":[{"href":"https:\/\/obaprojecten.nl\/de\/wp-json\/wp\/v2\/media?parent=296"}],"curies":[{"name":"wp","href":"https:\/\/api.w.org\/{rel}","templated":true}]}}